{"id":1891,"date":"2015-03-28T13:34:52","date_gmt":"2015-03-28T12:34:52","guid":{"rendered":"https:\/\/brygny.2th.dk\/?page_id=1891"},"modified":"2023-07-15T14:41:53","modified_gmt":"2023-07-15T12:41:53","slug":"2001-2","status":"publish","type":"page","link":"https:\/\/bryg.2th.dk\/?page_id=1891","title":{"rendered":"2001"},"content":{"rendered":"<h3 align=\"left\">De nye \u00f8l i 2001.<\/h3>\n<hr>\n<div align=\"left\">&nbsp;Her er oversigten over \u00f8l som er udkommet i 2001, dog med den begr\u00e6nsning at der er etiketter p\u00e5 disse \u00f8l og lejligheds etiketter er talt med her.<\/div>\n<div align=\"left\">&nbsp;<\/div>\n<div align=\"left\">\n<table id=\"tablepress-13\" class=\"tablepress tablepress-id-13\">\n<thead>\n<tr class=\"row-1\">\n\t<th class=\"column-1\">%.<\/th><th class=\"column-2\">Navn.<\/th><th class=\"column-3\">Beskrivelse<\/th><th class=\"column-4\">Bryggeri.<\/th><th class=\"column-5\">Dato<\/th>\n<\/tr>\n<\/thead>\n<tbody class=\"row-striping row-hover\">\n<tr class=\"row-2\">\n\t<td class=\"column-1\">9<\/td><td class=\"column-2\">H.C. Andersen<\/td><td class=\"column-3\">\u00c5rgangs\u00f8l - 2001.<\/td><td class=\"column-4\">Albani<\/td><td class=\"column-5\">19-05-2001<\/td>\n<\/tr>\n<tr class=\"row-3\">\n\t<td class=\"column-1\">\u00a0<\/td><td class=\"column-2\">1. Maj, 2001<\/td><td class=\"column-3\">Ny Reklame etiket<\/td><td class=\"column-4\">Albani<\/td><td class=\"column-5\">21-04-2001<\/td>\n<\/tr>\n<tr class=\"row-4\">\n\t<td class=\"column-1\">\u00a0<\/td><td class=\"column-2\">Den Standhaftige Tinsoldat 3 \u00e5r<\/td><td class=\"column-3\">Ny Reklame etiket<\/td><td class=\"column-4\">Albani<\/td><td class=\"column-5\">24-04-2001<\/td>\n<\/tr>\n<tr class=\"row-5\">\n\t<td class=\"column-1\"><\/td><td class=\"column-2\">Slots Pilsner<\/td><td class=\"column-3\">\u00c6ndret etiket<\/td><td class=\"column-4\">Albani<\/td><td class=\"column-5\">07-04-2001<\/td>\n<\/tr>\n<tr class=\"row-6\">\n\t<td class=\"column-1\"><\/td><td class=\"column-2\">Christiern<\/td><td class=\"column-3\">Ny Reklame etiket<\/td><td class=\"column-4\">Albani<\/td><td class=\"column-5\">02-05-2001<\/td>\n<\/tr>\n<tr class=\"row-7\">\n\t<td class=\"column-1\"><\/td><td class=\"column-2\">Egeskov Marked<\/td><td class=\"column-3\">Ny Reklame etiket<\/td><td class=\"column-4\">Albani<\/td><td class=\"column-5\">01-09-2001<\/td>\n<\/tr>\n<tr class=\"row-8\">\n\t<td class=\"column-1\"><\/td><td class=\"column-2\">R\u00f8d Julebryg<\/td><td class=\"column-3\">Nr: 70118<\/td><td class=\"column-4\">Albani<\/td><td class=\"column-5\">01-11-2001<\/td>\n<\/tr>\n<tr class=\"row-9\">\n\t<td class=\"column-1\"><\/td><td class=\"column-2\">Bl\u00e5 Julebryg<\/td><td class=\"column-3\">Nr: 70113<\/td><td class=\"column-4\">Albani<\/td><td class=\"column-5\">01-11-2001<\/td>\n<\/tr>\n<tr class=\"row-10\">\n\t<td class=\"column-1\">\u00a0<\/td><td class=\"column-2\">Abbey Ale<\/td><td class=\"column-3\">Ny \u00f8l i Semper Ardens serien<\/td><td class=\"column-4\">Carlsberg A\/S<\/td><td class=\"column-5\">02-11-2001<\/td>\n<\/tr>\n<tr class=\"row-11\">\n\t<td class=\"column-1\">7,3<\/td><td class=\"column-2\">Saaz humle<\/td><td class=\"column-3\">Ny \u00f8l i Semper Ardens serien<\/td><td class=\"column-4\">Carlsberg A\/S<\/td><td class=\"column-5\">01-10-2001<\/td>\n<\/tr>\n<tr class=\"row-12\">\n\t<td class=\"column-1\">5,5<\/td><td class=\"column-2\">Weisse<\/td><td class=\"column-3\">Ny \u00f8l i Semper Ardens serien<\/td><td class=\"column-4\">Carlsberg A\/S<\/td><td class=\"column-5\">02-11-2001<\/td>\n<\/tr>\n<tr class=\"row-13\">\n\t<td class=\"column-1\"><\/td><td class=\"column-2\">Gildberg<\/td><td class=\"column-3\">Ny \u00f8l<\/td><td class=\"column-4\">Carlsberg A\/S<\/td><td class=\"column-5\">03-03-2001<\/td>\n<\/tr>\n<tr class=\"row-14\">\n\t<td class=\"column-1\"><\/td><td class=\"column-2\">Faxe Jubi 1901-2001<\/td><td class=\"column-3\">Ny \u00f8l<\/td><td class=\"column-4\">Faxe<\/td><td class=\"column-5\">01-02-2001<\/td>\n<\/tr>\n<tr class=\"row-15\">\n\t<td class=\"column-1\">\u00a0<\/td><td class=\"column-2\">Red Beer<\/td><td class=\"column-3\">Til Netto - Ny \u00f8l.<\/td><td class=\"column-4\">Harboe<\/td><td class=\"column-5\">02-11-2001<\/td>\n<\/tr>\n<tr class=\"row-16\">\n\t<td class=\"column-1\"><\/td><td class=\"column-2\">\u00c5rgangs\u00f8l<\/td><td class=\"column-3\">2001<\/td><td class=\"column-4\">Harboe<\/td><td class=\"column-5\">01-02-2001<\/td>\n<\/tr>\n<tr class=\"row-17\">\n\t<td class=\"column-1\"><\/td><td class=\"column-2\">Vanl\u00f8se - Kuan-\u00d8l<\/td><td class=\"column-3\">Ny Reklame etiket<\/td><td class=\"column-4\">Maribo Bryghus<\/td><td class=\"column-5\">04-04-2001<\/td>\n<\/tr>\n<tr class=\"row-18\">\n\t<td class=\"column-1\">\u00a0<\/td><td class=\"column-2\">Dancenter 2001<\/td><td class=\"column-3\">Ny Reklame etiket<\/td><td class=\"column-4\">Maribo Bryghus<\/td><td class=\"column-5\">23-11-2001<\/td>\n<\/tr>\n<tr class=\"row-19\">\n\t<td class=\"column-1\"><\/td><td class=\"column-2\">Snave Pilsner<\/td><td class=\"column-3\">Ny Reklame etiket<\/td><td class=\"column-4\">Neptun\/Saltum<\/td><td class=\"column-5\">04-11-2001<\/td>\n<\/tr>\n<tr class=\"row-20\">\n\t<td class=\"column-1\"><\/td><td class=\"column-2\">Stjerne Pilsner, Arbejdermuseet<\/td><td class=\"column-3\">Ny Reklame etiket<\/td><td class=\"column-4\">Refsvindinge<\/td><td class=\"column-5\">21-03-2001<\/td>\n<\/tr>\n<tr class=\"row-21\">\n\t<td class=\"column-1\">\u00a0<\/td><td class=\"column-2\">Thy Classic<\/td><td class=\"column-3\">Ny \u00f8l.<\/td><td class=\"column-4\">Thisted Bryghus<\/td><td class=\"column-5\">02-02-2001<\/td>\n<\/tr>\n<tr class=\"row-22\">\n\t<td class=\"column-1\">\u00a0<\/td><td class=\"column-2\">Horsens Juleby Bryg<\/td><td class=\"column-3\">Ny Reklame etiket<\/td><td class=\"column-4\">Thisted Bryghus<\/td><td class=\"column-5\">06-06-2001<\/td>\n<\/tr>\n<tr class=\"row-23\">\n\t<td class=\"column-1\">\u00a0<\/td><td class=\"column-2\">Egnsbank Han Herred<\/td><td class=\"column-3\">Ny Reklame etiket<\/td><td class=\"column-4\">Thisted Bryghus<\/td><td class=\"column-5\">06-06-2001<\/td>\n<\/tr>\n<tr class=\"row-24\">\n\t<td class=\"column-1\"><\/td><td class=\"column-2\">Snedsted H\u00e5ndv\u00e6rker og Borgerforening<\/td><td class=\"column-3\">Ny Reklame etiket<\/td><td class=\"column-4\">Thisted Bryghus<\/td><td class=\"column-5\">03-04-2001<\/td>\n<\/tr>\n<tr class=\"row-25\">\n\t<td class=\"column-1\"><\/td><td class=\"column-2\">Hurup Pilsner<\/td><td class=\"column-3\">Ny Reklame etiket<\/td><td class=\"column-4\">Thisted Bryghus<\/td><td class=\"column-5\">03-04-2001<\/td>\n<\/tr>\n<tr class=\"row-26\">\n\t<td class=\"column-1\">\u00a0<\/td><td class=\"column-2\">Doverode K\u00f8bmandsg\u00e5rd<\/td><td class=\"column-3\">Ny Reklame etiket<\/td><td class=\"column-4\">Thisted Bryghus<\/td><td class=\"column-5\">06-06-2001<\/td>\n<\/tr>\n<tr class=\"row-27\">\n\t<td class=\"column-1\">\u00a0<\/td><td class=\"column-2\">Dark Nation<\/td><td class=\"column-3\">Ny Reklame etiket<\/td><td class=\"column-4\">Thisted Bryghus<\/td><td class=\"column-5\">06-06-2001<\/td>\n<\/tr>\n<tr class=\"row-28\">\n\t<td class=\"column-1\">\u00a0<\/td><td class=\"column-2\">Plannja SCe<\/td><td class=\"column-3\">Ny Reklame etiket<\/td><td class=\"column-4\">Thisted Bryghus<\/td><td class=\"column-5\">06-06-2001<\/td>\n<\/tr>\n<tr class=\"row-29\">\n\t<td class=\"column-1\">\u00a0<\/td><td class=\"column-2\">RT 46, Distriktsm\u00f8de<\/td><td class=\"column-3\">Ny Reklame etiket<\/td><td class=\"column-4\">Thisted Bryghus<\/td><td class=\"column-5\">06-06-2001<\/td>\n<\/tr>\n<tr class=\"row-30\">\n\t<td class=\"column-1\">\u00a0<\/td><td class=\"column-2\">Egnsbank<\/td><td class=\"column-3\">Ny Reklame etiket<\/td><td class=\"column-4\">Thisted Bryghus<\/td><td class=\"column-5\">06-06-2001<\/td>\n<\/tr>\n<tr class=\"row-31\">\n\t<td class=\"column-1\">\u00a0<\/td><td class=\"column-2\">BS Vongen ApS<\/td><td class=\"column-3\">Ny Reklame etiket<\/td><td class=\"column-4\">Thisted Bryghus<\/td><td class=\"column-5\">06-06-2001<\/td>\n<\/tr>\n<tr class=\"row-32\">\n\t<td class=\"column-1\">\u00a0<\/td><td class=\"column-2\">Mors\u00f8 Tr\u00e6last<\/td><td class=\"column-3\">Ny Reklame etiket<\/td><td class=\"column-4\">Thisted Bryghus<\/td><td class=\"column-5\">06-06-2001<\/td>\n<\/tr>\n<tr class=\"row-33\">\n\t<td class=\"column-1\"><\/td><td class=\"column-2\">Classic Hvede<\/td><td class=\"column-3\">Ny \u00f8l<\/td><td class=\"column-4\">Tuborg<\/td><td class=\"column-5\">10-11-2001<\/td>\n<\/tr>\n<tr class=\"row-34\">\n\t<td class=\"column-1\">\u00a0<\/td><td class=\"column-2\">Guden\u00e5 Classic<\/td><td class=\"column-3\">Ny \u00f8l.<\/td><td class=\"column-4\">Vestfyen<\/td><td class=\"column-5\">28-03-2001<\/td>\n<\/tr>\n<tr class=\"row-35\">\n\t<td class=\"column-1\">\u00a0<\/td><td class=\"column-2\">Grevinde Maritza<\/td><td class=\"column-3\">Ny hals for Fr\u00f8bjerg Festspil<\/td><td class=\"column-4\">Vestfyen<\/td><td class=\"column-5\">01-06-2001<\/td>\n<\/tr>\n<tr class=\"row-36\">\n\t<td class=\"column-1\"><\/td><td class=\"column-2\">Darw Power Beer Sovjet<\/td><td class=\"column-3\">Ny \u00f8l<\/td><td class=\"column-4\">Vestfyen<\/td><td class=\"column-5\">11-11-2001<\/td>\n<\/tr>\n<tr class=\"row-37\">\n\t<td class=\"column-1\">3,5<\/td><td class=\"column-2\">Genuine Ale 3,5%<\/td><td class=\"column-3\">Ny \u00f8l<\/td><td class=\"column-4\">Vestfyen<\/td><td class=\"column-5\">12-12-2001<\/td>\n<\/tr>\n<tr class=\"row-38\">\n\t<td class=\"column-1\">\u00a0<\/td><td class=\"column-2\">Bryggerisouvenirsamlerforeningen Kronborg<\/td><td class=\"column-3\">St\u00e6vne etiket 2001<\/td><td class=\"column-4\">Wiibroe<\/td><td class=\"column-5\">02-11-2001<\/td>\n<\/tr>\n<tr class=\"row-39\">\n\t<td class=\"column-1\">\u00a0<\/td><td class=\"column-2\">Wiibroe Classic<\/td><td class=\"column-3\">Ny \u00f8l.<\/td><td class=\"column-4\">Wiibroe<\/td><td class=\"column-5\">02-11-2001<\/td>\n<\/tr>\n<tr class=\"row-40\">\n\t<td class=\"column-1\">\u00a0<\/td><td class=\"column-2\">Bryggerisouvenirsamlerforeningen Kronborg<\/td><td class=\"column-3\">St\u00e6vne etiket 2001<\/td><td class=\"column-4\">Wiibroe<\/td><td class=\"column-5\">02-11-2000<\/td>\n<\/tr>\n<tr class=\"row-41\">\n\t<td class=\"column-1\">\u00a0<\/td><td class=\"column-2\">Holger Danske Tr\u00e6ffen 2001<\/td><td class=\"column-3\">Ny Reklame etiket<\/td><td class=\"column-4\">Wiibroe<\/td><td class=\"column-5\">17-04-2001<\/td>\n<\/tr>\n<tr class=\"row-42\">\n\t<td class=\"column-1\">\u00a0<\/td><td class=\"column-2\">Hiller\u00f8d Kr\u00e6mmermarked 01<\/td><td class=\"column-3\">Ny Reklame etiket<\/td><td class=\"column-4\">Wiibroe<\/td><td class=\"column-5\">17-04-2001<\/td>\n<\/tr>\n<\/tbody>\n<\/table>\n<!-- #tablepress-13 from cache --><\/div>\n","protected":false},"excerpt":{"rendered":"<p>De nye \u00f8l i 2001. &nbsp;Her er oversigten over \u00f8l som er udkommet i 2001, dog med den begr\u00e6nsning at der er etiketter p\u00e5 disse \u00f8l og lejligheds etiketter er talt med her. &nbsp;<\/p>\n","protected":false},"author":2,"featured_media":0,"parent":10039,"menu_order":0,"comment_status":"closed","ping_status":"closed","template":"page-templates\/full-width.php","meta":{"ngg_post_thumbnail":0,"footnotes":""},"categories":[],"tags":[99],"class_list":["post-1891","page","type-page","status-publish","hentry","tag-nye_oel"],"_links":{"self":[{"href":"https:\/\/bryg.2th.dk\/index.php?rest_route=\/wp\/v2\/pages\/1891","targetHints":{"allow":["GET"]}}],"collection":[{"href":"https:\/\/bryg.2th.dk\/index.php?rest_route=\/wp\/v2\/pages"}],"about":[{"href":"https:\/\/bryg.2th.dk\/index.php?rest_route=\/wp\/v2\/types\/page"}],"author":[{"embeddable":true,"href":"https:\/\/bryg.2th.dk\/index.php?rest_route=\/wp\/v2\/users\/2"}],"replies":[{"embeddable":true,"href":"https:\/\/bryg.2th.dk\/index.php?rest_route=%2Fwp%2Fv2%2Fcomments&post=1891"}],"version-history":[{"count":0,"href":"https:\/\/bryg.2th.dk\/index.php?rest_route=\/wp\/v2\/pages\/1891\/revisions"}],"up":[{"embeddable":true,"href":"https:\/\/bryg.2th.dk\/index.php?rest_route=\/wp\/v2\/pages\/10039"}],"wp:attachment":[{"href":"https:\/\/bryg.2th.dk\/index.php?rest_route=%2Fwp%2Fv2%2Fmedia&parent=1891"}],"wp:term":[{"taxonomy":"category","embeddable":true,"href":"https:\/\/bryg.2th.dk\/index.php?rest_route=%2Fwp%2Fv2%2Fcategories&post=1891"},{"taxonomy":"post_tag","embeddable":true,"href":"https:\/\/bryg.2th.dk\/index.php?rest_route=%2Fwp%2Fv2%2Ftags&post=1891"}],"curies":[{"name":"wp","href":"https:\/\/api.w.org\/{rel}","templated":true}]}}