{"id":1889,"date":"2015-03-28T13:34:19","date_gmt":"2015-03-28T12:34:19","guid":{"rendered":"https:\/\/brygny.2th.dk\/?page_id=1889"},"modified":"2023-07-15T14:41:53","modified_gmt":"2023-07-15T12:41:53","slug":"2000-2","status":"publish","type":"page","link":"https:\/\/bryg.2th.dk\/?page_id=1889","title":{"rendered":"2000"},"content":{"rendered":"<h3 align=\"left\">De nye \u00f8l i 2000.<\/h3>\n<hr>\n<div align=\"left\">&nbsp;Her er oversigten over \u00f8l som er udkommet i 2000, dog med den begr\u00e6nsning at der er etiketter p\u00e5 disse \u00f8l og lejligheds etiketter er talt med her.<\/div>\n<div align=\"left\">&nbsp;<\/div>\n<div align=\"left\">\n<table id=\"tablepress-13\" class=\"tablepress tablepress-id-13\">\n<thead>\n<tr class=\"row-1\">\n\t<th class=\"column-1\">%.<\/th><th class=\"column-2\">Navn.<\/th><th class=\"column-3\">Beskrivelse<\/th><th class=\"column-4\">Bryggeri.<\/th><th class=\"column-5\">Dato<\/th>\n<\/tr>\n<\/thead>\n<tbody class=\"row-striping row-hover\">\n<tr class=\"row-2\">\n\t<td class=\"column-1\">9<\/td><td class=\"column-2\">H.C. Andersen<\/td><td class=\"column-3\">\u00c5rgangs\u00f8l - 2000.<\/td><td class=\"column-4\">Albani<\/td><td class=\"column-5\">15-05-2000<\/td>\n<\/tr>\n<tr class=\"row-3\">\n\t<td class=\"column-1\">\u00a0<\/td><td class=\"column-2\">Frode Larsen, En God \u00c5rgang<\/td><td class=\"column-3\">Ny Reklame etiket<\/td><td class=\"column-4\">Albani<\/td><td class=\"column-5\">01-06-2000<\/td>\n<\/tr>\n<tr class=\"row-4\">\n\t<td class=\"column-1\">\u00a0<\/td><td class=\"column-2\">Den Standhaftige Tinsoldat 2 \u00e5r<\/td><td class=\"column-3\">Ny Reklame etiket<\/td><td class=\"column-4\">Albani<\/td><td class=\"column-5\">01-06-2000<\/td>\n<\/tr>\n<tr class=\"row-5\">\n\t<td class=\"column-1\">\u00a0<\/td><td class=\"column-2\">Christiren II, S\u00f8nderborg Ringridderfest<\/td><td class=\"column-3\">Ny Reklame etiket<\/td><td class=\"column-4\">Albani<\/td><td class=\"column-5\">01-06-2000<\/td>\n<\/tr>\n<tr class=\"row-6\">\n\t<td class=\"column-1\">4,6<\/td><td class=\"column-2\">Mj\u00f8d Pilsner<\/td><td class=\"column-3\">Ny \u00f8l.<\/td><td class=\"column-4\">Albani<\/td><td class=\"column-5\">14-04-2000<\/td>\n<\/tr>\n<tr class=\"row-7\">\n\t<td class=\"column-1\">\u00a0<\/td><td class=\"column-2\">Nyborg Voldspil, Singin' The Rain<\/td><td class=\"column-3\">Ny Reklame etiket<\/td><td class=\"column-4\">Albani<\/td><td class=\"column-5\">01-06-2000<\/td>\n<\/tr>\n<tr class=\"row-8\">\n\t<td class=\"column-1\">\u00a0<\/td><td class=\"column-2\">1. Maj, 2000<\/td><td class=\"column-3\">Ny Reklame etiket<\/td><td class=\"column-4\">Albani<\/td><td class=\"column-5\">01-06-2000<\/td>\n<\/tr>\n<tr class=\"row-9\">\n\t<td class=\"column-1\"><\/td><td class=\"column-2\">Egeskov Marked<\/td><td class=\"column-3\">Ny Reklame etiket<\/td><td class=\"column-4\">Albani<\/td><td class=\"column-5\">01-09-2000<\/td>\n<\/tr>\n<tr class=\"row-10\">\n\t<td class=\"column-1\">\u00a0<\/td><td class=\"column-2\">Criollo Stout<\/td><td class=\"column-3\">Ny \u00f8l i Semper Ardens serien<\/td><td class=\"column-4\">Carlsberg A\/S<\/td><td class=\"column-5\">06-08-2000<\/td>\n<\/tr>\n<tr class=\"row-11\">\n\t<td class=\"column-1\">8,3<\/td><td class=\"column-2\">Cerise<\/td><td class=\"column-3\">Ny \u00f8l i Semper Ardens serien<\/td><td class=\"column-4\">Carlsberg A\/S<\/td><td class=\"column-5\">06-08-2000<\/td>\n<\/tr>\n<tr class=\"row-12\">\n\t<td class=\"column-1\">7,7<\/td><td class=\"column-2\">Dark Bear<\/td><td class=\"column-3\">Til Netto - Ny \u00f8l.<\/td><td class=\"column-4\">Harboe<\/td><td class=\"column-5\">15-10-2000<\/td>\n<\/tr>\n<tr class=\"row-13\">\n\t<td class=\"column-1\">\u00a0<\/td><td class=\"column-2\">\u00c5rgangs\u00f8l<\/td><td class=\"column-3\">2000<\/td><td class=\"column-4\">Harboe<\/td><td class=\"column-5\">01-02-2000<\/td>\n<\/tr>\n<tr class=\"row-14\">\n\t<td class=\"column-1\">\u00a0<\/td><td class=\"column-2\">Vinterbryg<\/td><td class=\"column-3\">Til Netto - Ny \u00f8l.<\/td><td class=\"column-4\">Harboe<\/td><td class=\"column-5\">11-11-2000<\/td>\n<\/tr>\n<tr class=\"row-15\">\n\t<td class=\"column-1\">\u00a0<\/td><td class=\"column-2\">Lakse\u00f8l<\/td><td class=\"column-3\">Ny \u00f8l.<\/td><td class=\"column-4\">Harboe<\/td><td class=\"column-5\">23-07-2000<\/td>\n<\/tr>\n<tr class=\"row-16\">\n\t<td class=\"column-1\">\u00a0<\/td><td class=\"column-2\">Dancenter 2000<\/td><td class=\"column-3\">Ny Reklame etiket<\/td><td class=\"column-4\">Maribo Bryghus<\/td><td class=\"column-5\">21-11-2000<\/td>\n<\/tr>\n<tr class=\"row-17\">\n\t<td class=\"column-1\">\u00a0<\/td><td class=\"column-2\">Marineforeningen Pils<\/td><td class=\"column-3\">Ny Reklame etiket<\/td><td class=\"column-4\">Thisted Bryghus<\/td><td class=\"column-5\">01-06-2000<\/td>\n<\/tr>\n<tr class=\"row-18\">\n\t<td class=\"column-1\">\u00a0<\/td><td class=\"column-2\">Hans Tholmer, Danske \u00c5l<\/td><td class=\"column-3\">Ny Reklame etiket<\/td><td class=\"column-4\">Thisted Bryghus<\/td><td class=\"column-5\">01-06-2000<\/td>\n<\/tr>\n<tr class=\"row-19\">\n\t<td class=\"column-1\">\u00a0<\/td><td class=\"column-2\">Den Lenvende Stald<\/td><td class=\"column-3\">Ny Reklame etiket<\/td><td class=\"column-4\">Thisted Bryghus<\/td><td class=\"column-5\">01-06-2000<\/td>\n<\/tr>\n<tr class=\"row-20\">\n\t<td class=\"column-1\">\u00a0<\/td><td class=\"column-2\">Garant 2000<\/td><td class=\"column-3\">Ny Reklame etiket<\/td><td class=\"column-4\">Thisted Bryghus<\/td><td class=\"column-5\">01-06-2000<\/td>\n<\/tr>\n<tr class=\"row-21\">\n\t<td class=\"column-1\">\u00a0<\/td><td class=\"column-2\">Krarup Nygaard<\/td><td class=\"column-3\">Ny Reklame etiket<\/td><td class=\"column-4\">Thisted Bryghus<\/td><td class=\"column-5\">01-06-2000<\/td>\n<\/tr>\n<tr class=\"row-22\">\n\t<td class=\"column-1\">\u00a0<\/td><td class=\"column-2\">Thor Pilsner<\/td><td class=\"column-3\">Ny etiket.<\/td><td class=\"column-4\">Thor<\/td><td class=\"column-5\">01-02-2000<\/td>\n<\/tr>\n<tr class=\"row-23\">\n\t<td class=\"column-1\">\u00a0<\/td><td class=\"column-2\">Tango Jalousie<\/td><td class=\"column-3\">Ny hals for Fr\u00f8bjerg Festspil<\/td><td class=\"column-4\">Vestfyen<\/td><td class=\"column-5\">01-06-2000<\/td>\n<\/tr>\n<tr class=\"row-24\">\n\t<td class=\"column-1\">\u00a0<\/td><td class=\"column-2\">Hiller\u00f8d Kr\u00e6mmermarked 00<\/td><td class=\"column-3\">Ny Reklame etiket<\/td><td class=\"column-4\">Wiibroe<\/td><td class=\"column-5\">04-04-2000<\/td>\n<\/tr>\n<tr class=\"row-25\">\n\t<td class=\"column-1\">\u00a0<\/td><td class=\"column-2\">Bryggerisouvenirsamlerforeningen Kronborg<\/td><td class=\"column-3\">St\u00e6vne etiket 2001<\/td><td class=\"column-4\">Wiibroe<\/td><td class=\"column-5\">02-11-2000<\/td>\n<\/tr>\n<tr class=\"row-26\">\n\t<td class=\"column-1\">\u00a0<\/td><td class=\"column-2\">Holger Danske Tr\u00e6ffen 2000<\/td><td class=\"column-3\">Ny Reklame etiket<\/td><td class=\"column-4\">Wiibroe<\/td><td class=\"column-5\">04-04-2000<\/td>\n<\/tr>\n<\/tbody>\n<\/table>\n<!-- #tablepress-13 from cache --><\/div>\n","protected":false},"excerpt":{"rendered":"<p>De nye \u00f8l i 2000. &nbsp;Her er oversigten over \u00f8l som er udkommet i 2000, dog med den begr\u00e6nsning at der er etiketter p\u00e5 disse \u00f8l og lejligheds etiketter er talt med her. &nbsp;<\/p>\n","protected":false},"author":2,"featured_media":0,"parent":10039,"menu_order":0,"comment_status":"closed","ping_status":"closed","template":"page-templates\/full-width.php","meta":{"ngg_post_thumbnail":0,"footnotes":""},"categories":[],"tags":[99],"class_list":["post-1889","page","type-page","status-publish","hentry","tag-nye_oel"],"_links":{"self":[{"href":"https:\/\/bryg.2th.dk\/index.php?rest_route=\/wp\/v2\/pages\/1889","targetHints":{"allow":["GET"]}}],"collection":[{"href":"https:\/\/bryg.2th.dk\/index.php?rest_route=\/wp\/v2\/pages"}],"about":[{"href":"https:\/\/bryg.2th.dk\/index.php?rest_route=\/wp\/v2\/types\/page"}],"author":[{"embeddable":true,"href":"https:\/\/bryg.2th.dk\/index.php?rest_route=\/wp\/v2\/users\/2"}],"replies":[{"embeddable":true,"href":"https:\/\/bryg.2th.dk\/index.php?rest_route=%2Fwp%2Fv2%2Fcomments&post=1889"}],"version-history":[{"count":0,"href":"https:\/\/bryg.2th.dk\/index.php?rest_route=\/wp\/v2\/pages\/1889\/revisions"}],"up":[{"embeddable":true,"href":"https:\/\/bryg.2th.dk\/index.php?rest_route=\/wp\/v2\/pages\/10039"}],"wp:attachment":[{"href":"https:\/\/bryg.2th.dk\/index.php?rest_route=%2Fwp%2Fv2%2Fmedia&parent=1889"}],"wp:term":[{"taxonomy":"category","embeddable":true,"href":"https:\/\/bryg.2th.dk\/index.php?rest_route=%2Fwp%2Fv2%2Fcategories&post=1889"},{"taxonomy":"post_tag","embeddable":true,"href":"https:\/\/bryg.2th.dk\/index.php?rest_route=%2Fwp%2Fv2%2Ftags&post=1889"}],"curies":[{"name":"wp","href":"https:\/\/api.w.org\/{rel}","templated":true}]}}