{"id":15,"date":"2015-03-17T19:21:36","date_gmt":"2015-03-17T18:21:36","guid":{"rendered":"https:\/\/brygny.2th.dk\/?page_id=15"},"modified":"2025-07-14T13:49:36","modified_gmt":"2025-07-14T11:49:36","slug":"byttecentralen","status":"publish","type":"page","link":"https:\/\/bryg.2th.dk\/?page_id=15","title":{"rendered":"Byttecentralen"},"content":{"rendered":"<h3>Etiketter s\u00f8ges og byttes.<\/h3>\n<hr>\n<p>Som andre samlere har jeg ogs\u00e5 byttere af etiketter og dem vil jeg gerne l\u00e6gge op her p\u00e5 siden, s\u00e5 du kan se om der er en du mangler. Af alle danske etiketter bytter jeg helst, men er ogs\u00e5 villig til at s\u00e6lge.<\/p>\n<p>Men f\u00f8rst har jeg disse sider her, hvor jeg s\u00f8ger etiketter. Kig dem igennem og se om du kan hj\u00e6lpe her, hvis du kan, s\u00e5 kan du l\u00e6ngere nede se, hvad jeg har af byttere, som m\u00e5ske har din interesse.<\/p>\n<ul class=\"display-posts-listing\"><li class=\"listing-item\"><a class=\"title\" href=\"https:\/\/bryg.2th.dk\/?page_id=4851\">Etiketter jeg s\u00f8ger<\/a><\/li><li class=\"listing-item\"><a class=\"title\" href=\"https:\/\/bryg.2th.dk\/?page_id=26105\">Etiketter jeg s\u00f8ger<\/a><\/li><li class=\"listing-item\"><a class=\"title\" href=\"https:\/\/bryg.2th.dk\/?page_id=26087\">Etiketter jeg s\u00f8ger med billede<\/a><\/li><li class=\"listing-item\"><a class=\"title\" href=\"https:\/\/bryg.2th.dk\/?page_id=5385\">Hj\u00e6lp s\u00f8ges!<\/a><\/li><\/ul>\n<p>Nu f\u00f8lger s\u00e5 siderne med etiketter jeg har som dubletter, og flere vil komme med tiden, s\u00e5 hold godt \u00f8je, for n\u00e5r de er oppe, kan nogle godt forsvinde lige s\u00e5 hurtigt som de kommer op. Skulle du have en foresp\u00f8rgsel p\u00e5 en etiket du mangler, som ikke er her p\u00e5 siden. S\u00e5 pr\u00f8v at skrive til mig, s\u00e5 vil jeg pr\u00f8ve at se om jeg har den liggende.<\/p>\n<p>Listen er ved at blive opdateret.<\/p>\n<p>Og s\u00e5 lidt ekstra, nok mest for dem som samler udenlandsk, de etiketter kan man k\u00f8be eller de byttes til danske.<\/p>\n<p>Listen over udenlandske etiketter<\/p>\n<ul class=\"display-posts-listing\"><li class=\"listing-item\"><a class=\"title\" href=\"https:\/\/bryg.2th.dk\/?page_id=27513\">England &#8211; bytte\/salg<\/a><\/li><li class=\"listing-item\"><a class=\"title\" href=\"https:\/\/bryg.2th.dk\/?page_id=29012\">Findland &#8211; bytte\/salg<\/a><\/li><li class=\"listing-item\"><a class=\"title\" href=\"https:\/\/bryg.2th.dk\/?page_id=29010\">Irland &#8211; bytte\/salg<\/a><\/li><li class=\"listing-item\"><a class=\"title\" href=\"https:\/\/bryg.2th.dk\/?page_id=29007\">Norge &#8211; bytte\/salg<\/a><\/li><li class=\"listing-item\"><a class=\"title\" href=\"https:\/\/bryg.2th.dk\/?page_id=27198\">\u00d8string &#8211; bytte\/salg<\/a><\/li><li class=\"listing-item\"><a class=\"title\" href=\"https:\/\/bryg.2th.dk\/?page_id=26497\">Schwejtz &#8211; bytte\/salg<\/a><\/li><li class=\"listing-item\"><a class=\"title\" href=\"https:\/\/bryg.2th.dk\/?page_id=29014\">Skotland &#8211; bytte\/salg<\/a><\/li><li class=\"listing-item\"><a class=\"title\" href=\"https:\/\/bryg.2th.dk\/?page_id=29005\">Sverige &#8211; bytte\/salg<\/a><\/li><li class=\"listing-item\"><a class=\"title\" href=\"https:\/\/bryg.2th.dk\/?page_id=27511\">Uruguay &#8211; bytte\/salg<\/a><\/li><li class=\"listing-item\"><a class=\"title\" href=\"https:\/\/bryg.2th.dk\/?page_id=27501\">USA &#8211; bytte\/salg<\/a><\/li><\/ul>\n<p>Til sidst en bi-ting: der dukker altid noget andet op ved siden af, s\u00e5 de etiketter som kommer op her, kan v\u00e6re alt fra vin- sm\u00f8r- marmelade- saftevandsetiketter, det var bare nogle af eksemplerne. De er ogs\u00e5 til salg eller bytte for danske \u00f8l\/vandetiketter.<\/p>\n<p>Listen over andre slags etiketter &#8211; Vinetiketter:<\/p>\n<ul class=\"display-posts-listing\"><li class=\"listing-item\"><a class=\"title\" href=\"https:\/\/bryg.2th.dk\/?page_id=27756\">Dansk Frugtvin &#8211; bytte\/salg<\/a><\/li><li class=\"listing-item\"><a class=\"title\" href=\"https:\/\/bryg.2th.dk\/?page_id=28993\">Vin etiketter &#8211; Blandet &#8211; bytte\/salg<\/a><\/li><li class=\"listing-item\"><a class=\"title\" href=\"https:\/\/bryg.2th.dk\/?page_id=29003\">Vin etiketter &#8211; Dansk import. &#8211; bytte\/salg<\/a><\/li><li class=\"listing-item\"><a class=\"title\" href=\"https:\/\/bryg.2th.dk\/?page_id=28995\">Vin etiketter &#8211; Frankrig. &#8211; bytte\/salg<\/a><\/li><li class=\"listing-item\"><a class=\"title\" href=\"https:\/\/bryg.2th.dk\/?page_id=28997\">Vin etiketter &#8211; Italien. &#8211; bytte\/salg<\/a><\/li><li class=\"listing-item\"><a class=\"title\" href=\"https:\/\/bryg.2th.dk\/?page_id=28999\">Vin etiketter &#8211; Portugal. &#8211; bytte\/salg<\/a><\/li><li class=\"listing-item\"><a class=\"title\" href=\"https:\/\/bryg.2th.dk\/?page_id=29001\">Vin etiketter &#8211; Tyskland. &#8211; bytte\/salg<\/a><\/li><\/ul>\n<p>Listen over andre slags etiketter &#8211; alt muligt andet:<\/p>\n<ul class=\"display-posts-listing\"><li class=\"listing-item\"><a class=\"title\" href=\"https:\/\/bryg.2th.dk\/?page_id=29031\">Konserves etiketter og andet &#8211; bytte\/salg<\/a><\/li><li class=\"listing-item\"><a class=\"title\" href=\"https:\/\/bryg.2th.dk\/?page_id=29033\">Lik\u00f8r etiketter &#8211; blandet &#8211; bytte\/salg<\/a><\/li><li class=\"listing-item\"><a class=\"title\" href=\"https:\/\/bryg.2th.dk\/?page_id=29036\">Lik\u00f8r etiketter &#8211; danske &#8211; bytte\/salg<\/a><\/li><li class=\"listing-item\"><a class=\"title\" href=\"https:\/\/bryg.2th.dk\/?page_id=29016\">Rom etiketter &#8211; bytte\/salg<\/a><\/li><li class=\"listing-item\"><a class=\"title\" href=\"https:\/\/bryg.2th.dk\/?page_id=29020\">Saftevands etiketter &#8211; bytte\/salg<\/a><\/li><\/ul>\n","protected":false},"excerpt":{"rendered":"<p>Etiketter s\u00f8ges og byttes. Som andre samlere har jeg ogs\u00e5 byttere af etiketter og dem vil jeg gerne l\u00e6gge op her p\u00e5 siden, s\u00e5 du kan se om der er en du mangler. Af alle danske etiketter bytter jeg helst, men er ogs\u00e5 villig til at s\u00e6lge. Men f\u00f8rst har jeg disse sider her, hvor &hellip; <a href=\"https:\/\/bryg.2th.dk\/?page_id=29020\" class=\"more-link\">L\u00e6s videre <span class=\"screen-reader-text\">Saftevands etiketter &#8211; bytte\/salg<\/span> <span class=\"meta-nav\">&rarr;<\/span><\/a><\/p>\n","protected":false},"author":2,"featured_media":0,"parent":0,"menu_order":6,"comment_status":"closed","ping_status":"closed","template":"","meta":{"ngg_post_thumbnail":0,"footnotes":""},"categories":[],"tags":[],"class_list":["post-15","page","type-page","status-publish","hentry"],"_links":{"self":[{"href":"https:\/\/bryg.2th.dk\/index.php?rest_route=\/wp\/v2\/pages\/15","targetHints":{"allow":["GET"]}}],"collection":[{"href":"https:\/\/bryg.2th.dk\/index.php?rest_route=\/wp\/v2\/pages"}],"about":[{"href":"https:\/\/bryg.2th.dk\/index.php?rest_route=\/wp\/v2\/types\/page"}],"author":[{"embeddable":true,"href":"https:\/\/bryg.2th.dk\/index.php?rest_route=\/wp\/v2\/users\/2"}],"replies":[{"embeddable":true,"href":"https:\/\/bryg.2th.dk\/index.php?rest_route=%2Fwp%2Fv2%2Fcomments&post=15"}],"version-history":[{"count":0,"href":"https:\/\/bryg.2th.dk\/index.php?rest_route=\/wp\/v2\/pages\/15\/revisions"}],"wp:attachment":[{"href":"https:\/\/bryg.2th.dk\/index.php?rest_route=%2Fwp%2Fv2%2Fmedia&parent=15"}],"wp:term":[{"taxonomy":"category","embeddable":true,"href":"https:\/\/bryg.2th.dk\/index.php?rest_route=%2Fwp%2Fv2%2Fcategories&post=15"},{"taxonomy":"post_tag","embeddable":true,"href":"https:\/\/bryg.2th.dk\/index.php?rest_route=%2Fwp%2Fv2%2Ftags&post=15"}],"curies":[{"name":"wp","href":"https:\/\/api.w.org\/{rel}","templated":true}]}}