{"id":13,"date":"2015-03-17T19:20:53","date_gmt":"2015-03-17T18:20:53","guid":{"rendered":"https:\/\/brygny.2th.dk\/?page_id=13"},"modified":"2025-07-15T19:47:50","modified_gmt":"2025-07-15T17:47:50","slug":"info","status":"publish","type":"page","link":"https:\/\/bryg.2th.dk\/?page_id=13","title":{"rendered":"Artikler om bryggerierne"},"content":{"rendered":"<h3>Info og nyheder om Danmarks bryggerier.<\/h3>\n<hr>\n<p>Danske medier skriver af og til lidt om de danske bryggerier, men det er ikke noget vi normalt h\u00f8rer om i radio og tv. Derfor har jeg samlet et udpluk om hvad der r\u00f8re sig i bryggeribranchen.<\/p>\n<ul class=\"display-posts-listing\"><li class=\"listing-item\"><a class=\"title\" href=\"https:\/\/bryg.2th.dk\/?p=53307\">Rema 1000 har 13-doblet salg af dansk coladrik<\/a><\/li><li class=\"listing-item\"><a class=\"title\" href=\"https:\/\/bryg.2th.dk\/?p=53304\">Trumps eskapader fik dansk cola-m\u00e6rke til at t\u00e6nke, at &#8220;vi er n\u00f8dt til at reagere p\u00e5 det&#8221;<\/a><\/li><li class=\"listing-item\"><a class=\"title\" href=\"https:\/\/bryg.2th.dk\/?p=40413\">Danmarks \u00e6ldste familieejede bryggeri solgt til Unibrew<\/a><\/li><li class=\"listing-item\"><a class=\"title\" href=\"https:\/\/bryg.2th.dk\/?p=40410\">K\u00e6mpe bygning skyder op \u2013 skal fyldes med \u00f8l og sodavand<\/a><\/li><li class=\"listing-item\"><a class=\"title\" href=\"https:\/\/bryg.2th.dk\/?p=39732\">Assens-bryggeri h\u00e5rdt presset p\u00e5 \u00f8konomien efter fem \u00e5r i tr\u00e6k med underskud<\/a><\/li><li class=\"listing-item\"><a class=\"title\" href=\"https:\/\/bryg.2th.dk\/?p=39246\">R\u00f8d sodavand eller Svensk sodavand?<\/a><\/li><li class=\"listing-item\"><a class=\"title\" href=\"https:\/\/bryg.2th.dk\/?p=39682\">Den fynske \u00f8l er i krise &#8211; men Eddie, Ask og Gurli k\u00e6mper med n\u00e6b og kl\u00f8er<\/a><\/li><li class=\"listing-item\"><a class=\"title\" href=\"https:\/\/bryg.2th.dk\/?p=30647\">Sm\u00f8lfende god vand.<\/a><\/li><li class=\"listing-item\"><a class=\"title\" href=\"https:\/\/bryg.2th.dk\/?p=30654\">Royal Unibrew k\u00f8ber N\u00f8rrebro Bryghus<\/a><\/li><li class=\"listing-item\"><a class=\"title\" href=\"https:\/\/bryg.2th.dk\/?p=26438\">Opr\u00e5b fra bryggeri: F\u00e5 afleveret dine tomme flasker i pantautomaten<\/a><\/li><li class=\"listing-item\"><a class=\"title\" href=\"https:\/\/bryg.2th.dk\/?p=26436\">Mikkeller beskyldes for d\u00e5rlige arbejdsforhold<\/a><\/li><li class=\"listing-item\"><a class=\"title\" href=\"https:\/\/bryg.2th.dk\/?p=26441\">Den Gyldne Dame bliver mere sober<\/a><\/li><li class=\"listing-item\"><a class=\"title\" href=\"https:\/\/bryg.2th.dk\/?p=26434\">Danske bryggerier har lavet rekordmange jule-\u00f8l i \u00e5r<\/a><\/li><li class=\"listing-item\"><a class=\"title\" href=\"https:\/\/bryg.2th.dk\/?p=24535\">Brugte bleer og leverpostejsbakker bidrager til julebryggen<\/a><\/li><li class=\"listing-item\"><a class=\"title\" href=\"https:\/\/bryg.2th.dk\/?p=24532\">Spektakul\u00e6rt fund: 113 \u00e5r gamle \u00f8l fundet under gulv<\/a><\/li><li class=\"listing-item\"><a class=\"title\" href=\"https:\/\/bryg.2th.dk\/?p=21502\">Dansk bryggeri laver \u00f8l med David Lynch<\/a><\/li><li class=\"listing-item\"><a class=\"title\" href=\"https:\/\/bryg.2th.dk\/?p=20173\">Fejl i regnskaberne: Coisbo erkl\u00e6ret konkurs<\/a><\/li><li class=\"listing-item\"><a class=\"title\" href=\"https:\/\/bryg.2th.dk\/?p=19581\">Viborg Stift og Viborg Bryghus lancerer \u00f8l sammen<\/a><\/li><li class=\"listing-item\"><a class=\"title\" href=\"https:\/\/bryg.2th.dk\/?p=12364\">\u00d8l-entusiaster giver pris til nationalpark-\u00f8l<\/a><\/li><li class=\"listing-item\"><a class=\"title\" href=\"https:\/\/bryg.2th.dk\/?p=12372\">Lille g\u00e5rdbryggeri leverer \u00f8l og sodavand til Kina<\/a><\/li><li class=\"listing-item\"><a class=\"title\" href=\"https:\/\/bryg.2th.dk\/?p=12369\">Danmark har verdensrekord i bryggerier<\/a><\/li><li class=\"listing-item\"><a class=\"title\" href=\"https:\/\/bryg.2th.dk\/?p=6396\">Jernbanemuseet fejrede MY 1101&#8217;s 60 \u00e5r<\/a><\/li><li class=\"listing-item\"><a class=\"title\" href=\"https:\/\/bryg.2th.dk\/?p=6401\">\u00d8l fra mikrobryggerier hitter<\/a><\/li><li class=\"listing-item\"><a class=\"title\" href=\"https:\/\/bryg.2th.dk\/?p=6394\">Japanerne skal drikke \u00f8l fra Svaneke Bryghus<\/a><\/li><li class=\"listing-item\"><a class=\"title\" href=\"https:\/\/bryg.2th.dk\/?p=6399\">Thisted Bryghus satser mere p\u00e5 \u00f8kologisk \u00f8l<\/a><\/li><li class=\"listing-item\"><a class=\"title\" href=\"https:\/\/bryg.2th.dk\/?p=6392\">Royal Unibrew k\u00f8ber stort finsk bryggeri<\/a><\/li><li class=\"listing-item\"><a class=\"title\" href=\"https:\/\/bryg.2th.dk\/?p=6390\">Overskud i Svaneke Bryghus<\/a><\/li><li class=\"listing-item\"><a class=\"title\" href=\"https:\/\/bryg.2th.dk\/?p=46909\">Svensk censur: Dansk \u00f8letikette er for vovet<\/a><\/li><li class=\"listing-item\"><a class=\"title\" href=\"https:\/\/bryg.2th.dk\/?p=6403\">\u00d8lbryggere vil have fynske r\u00e5varer<\/a><\/li><li class=\"listing-item\"><a class=\"title\" href=\"https:\/\/bryg.2th.dk\/?p=6388\">Nordjysk \u00f8l popul\u00e6rt som aldrig f\u00f8r<\/a><\/li><li class=\"listing-item\"><a class=\"title\" href=\"https:\/\/bryg.2th.dk\/?p=6384\">\u00d8lafgift giver Svaneke Bryghus problemer<\/a><\/li><li class=\"listing-item\"><a class=\"title\" href=\"https:\/\/bryg.2th.dk\/?p=6386\">Rise Bryggeri laver sorte tal<\/a><\/li><li class=\"listing-item\"><a class=\"title\" href=\"https:\/\/bryg.2th.dk\/?p=6374\">Igen \u00f8l fra L\u00f8kken<\/a><\/li><li class=\"listing-item\"><a class=\"title\" href=\"https:\/\/bryg.2th.dk\/?p=6382\">Ribe Bryghus klarer sig godt<\/a><\/li><li class=\"listing-item\"><a class=\"title\" href=\"https:\/\/bryg.2th.dk\/?p=6380\">Randers Bryghus lukker<\/a><\/li><li class=\"listing-item\"><a class=\"title\" href=\"https:\/\/bryg.2th.dk\/?p=6378\">Bryghus bestj\u00e5let to gange<\/a><\/li><li class=\"listing-item\"><a class=\"title\" href=\"https:\/\/bryg.2th.dk\/?p=6376\">Vandt retten til Stygge Krumpen-\u00f8l<\/a><\/li><li class=\"listing-item\"><a class=\"title\" href=\"https:\/\/bryg.2th.dk\/?p=6372\">\u00d8l brygget p\u00e5 ostevalle<\/a><\/li><li class=\"listing-item\"><a class=\"title\" href=\"https:\/\/bryg.2th.dk\/?p=6370\">Bryghus: \u00d8l-afgift vil ramme h\u00e5rdt<\/a><\/li><li class=\"listing-item\"><a class=\"title\" href=\"https:\/\/bryg.2th.dk\/?p=6368\">Broballe Bryghus konkurs<\/a><\/li><li class=\"listing-item\"><a class=\"title\" href=\"https:\/\/bryg.2th.dk\/?p=6366\">To mikrobryggerier g\u00e5r sammen<\/a><\/li><li class=\"listing-item\"><a class=\"title\" href=\"https:\/\/bryg.2th.dk\/?p=6364\">Forbudt fynsk \u00f8l h\u00e6dret<\/a><\/li><li class=\"listing-item\"><a class=\"title\" href=\"https:\/\/bryg.2th.dk\/?p=6362\">Landk\u00e6r lukker og slukker<\/a><\/li><li class=\"listing-item\"><a class=\"title\" href=\"https:\/\/bryg.2th.dk\/?p=6360\">\u00d8l i valgkamp<\/a><\/li><li class=\"listing-item\"><a class=\"title\" href=\"https:\/\/bryg.2th.dk\/?p=6358\">\u00d8l til blinde<\/a><\/li><li class=\"listing-item\"><a class=\"title\" href=\"https:\/\/bryg.2th.dk\/?p=6356\">Mikrobryg er ofte lavet i udlandet<\/a><\/li><li class=\"listing-item\"><a class=\"title\" href=\"https:\/\/bryg.2th.dk\/?p=6354\">Ud\u00f8delig hest d\u00f8de alligevel<\/a><\/li><li class=\"listing-item\"><a class=\"title\" href=\"https:\/\/bryg.2th.dk\/?p=6340\">125 \u00e5rs jubil\u00e6um p\u00e5 Refsvindinge.<\/a><\/li><li class=\"listing-item\"><a class=\"title\" href=\"https:\/\/bryg.2th.dk\/?p=6347\">125 \u00e5rs jubil\u00e6um p\u00e5 Vestfyen<\/a><\/li><li class=\"listing-item\"><a class=\"title\" href=\"https:\/\/bryg.2th.dk\/?p=6345\">Thisted Bryghus g\u00e5r d\u00e5sevejen<\/a><\/li><li class=\"listing-item\"><a class=\"title\" href=\"https:\/\/bryg.2th.dk\/?p=6338\">Fan\u00f8 Bryghus brygger igen<\/a><\/li><li class=\"listing-item\"><a class=\"title\" href=\"https:\/\/bryg.2th.dk\/?p=6336\">Midtfyns Bryghus vil udvide<\/a><\/li><li class=\"listing-item\"><a class=\"title\" href=\"https:\/\/bryg.2th.dk\/?p=6334\">Fynsk \u00f8l er \u00e5rets bedste nye bryg<\/a><\/li><li class=\"listing-item\"><a class=\"title\" href=\"https:\/\/bryg.2th.dk\/?p=6332\">Brygmester fra Holb\u00e6k skal nu lave R\u00f8rvig\u00f8l<\/a><\/li><li class=\"listing-item\"><a class=\"title\" href=\"https:\/\/bryg.2th.dk\/?p=6330\">R\u00e6kker M\u00f8lle Bryghus gen\u00e5bner<\/a><\/li><li class=\"listing-item\"><a class=\"title\" href=\"https:\/\/bryg.2th.dk\/?p=6328\">Lav din egen \u00f8l-is<\/a><\/li><li class=\"listing-item\"><a class=\"title\" href=\"https:\/\/bryg.2th.dk\/?p=6326\">Danmarks f\u00f8rste \u00f8l for blinde<\/a><\/li><li class=\"listing-item\"><a class=\"title\" href=\"https:\/\/bryg.2th.dk\/?p=6324\">Holb\u00e6k Bryghus trodser krisen<\/a><\/li><li class=\"listing-item\"><a class=\"title\" href=\"https:\/\/bryg.2th.dk\/?p=6322\">Harboe k\u00f8ber Gourmetbryggeriet<\/a><\/li><li class=\"listing-item\"><a class=\"title\" href=\"https:\/\/bryg.2th.dk\/?p=6320\">Hiller\u00f8d-bryggeri lukker hanen<\/a><\/li><li class=\"listing-item\"><a class=\"title\" href=\"https:\/\/bryg.2th.dk\/?p=6318\">\u00d8llet flyder ud af \u00f8lhanerne p\u00e5 Amager<\/a><\/li><li class=\"listing-item\"><a class=\"title\" href=\"https:\/\/bryg.2th.dk\/?p=6316\">Det tynder ud i bryghusene i 2009<\/a><\/li><li class=\"listing-item\"><a class=\"title\" href=\"https:\/\/bryg.2th.dk\/?p=6314\">Da Aarup duftede af humle<\/a><\/li><li class=\"listing-item\"><a class=\"title\" href=\"https:\/\/bryg.2th.dk\/?p=6312\">Utzon-\u00f8l fors\u00f8ges eksporteret til Australien<\/a><\/li><li class=\"listing-item\"><a class=\"title\" href=\"https:\/\/bryg.2th.dk\/?p=5515\">Fan\u00f8 Bryghus lukker for hanen<\/a><\/li><li class=\"listing-item\"><a class=\"title\" href=\"https:\/\/bryg.2th.dk\/?p=5513\">\u00d8l-revolution \u2013 nu brygget p\u00e5 juletr\u00e6er<\/a><\/li><li class=\"listing-item\"><a class=\"title\" href=\"https:\/\/bryg.2th.dk\/?p=5511\">Slut med Fredericia Bryghus<\/a><\/li><li class=\"listing-item\"><a class=\"title\" href=\"https:\/\/bryg.2th.dk\/?p=5509\">H\u00e5ndbryggeren fra Heltborg<\/a><\/li><li class=\"listing-item\"><a class=\"title\" href=\"https:\/\/bryg.2th.dk\/?p=5507\">\u00d8l brygget p\u00e5 asparges<\/a><\/li><li class=\"listing-item\"><a class=\"title\" href=\"https:\/\/bryg.2th.dk\/?p=5505\">Ceres Bryggerierne Lukker<\/a><\/li><li class=\"listing-item\"><a class=\"title\" href=\"https:\/\/bryg.2th.dk\/?p=5150\">Vil gen\u00e5bne R\u00e6kker M\u00f8lle Bryghus<\/a><\/li><li class=\"listing-item\"><a class=\"title\" href=\"https:\/\/bryg.2th.dk\/?p=5148\">Maribo Bryghus Lukker<\/a><\/li><li class=\"listing-item\"><a class=\"title\" href=\"https:\/\/bryg.2th.dk\/?p=5146\">Vestjysk bryghus konkurs<\/a><\/li><li class=\"listing-item\"><a class=\"title\" href=\"https:\/\/bryg.2th.dk\/?p=5144\">Vestjysk bryggeri kan beholde navn<\/a><\/li><li class=\"listing-item\"><a class=\"title\" href=\"https:\/\/bryg.2th.dk\/?p=5142\">R\u00e6kker M\u00f8lle Bryghus gav underskud<\/a><\/li><li class=\"listing-item\"><a class=\"title\" href=\"https:\/\/bryg.2th.dk\/?p=5140\">Hj\u00e6lpende h\u00e5nd til mikrobryggerier<\/a><\/li><li class=\"listing-item\"><a class=\"title\" href=\"https:\/\/bryg.2th.dk\/?p=5136\">Byttest\u00e6vne i Skt. Klemens 2007<\/a><\/li><li class=\"listing-item\"><a class=\"title\" href=\"https:\/\/bryg.2th.dk\/?p=5134\">Hollywood stopper fynsk \u00f8l<\/a><\/li><li class=\"listing-item\"><a class=\"title\" href=\"https:\/\/bryg.2th.dk\/?p=5132\">Og navnet er: Br\u00f8ggeriet<\/a><\/li><li class=\"listing-item\"><a class=\"title\" href=\"https:\/\/bryg.2th.dk\/?p=5130\">Jule\u00f8l fra Vestfyen blev \u00e5rets \u00d8lnyhed 2006<\/a><\/li><li class=\"listing-item\"><a class=\"title\" href=\"https:\/\/bryg.2th.dk\/?p=5128\">Midtfynsk \u00f8l var den bedste i 2007<\/a><\/li><li class=\"listing-item\"><a class=\"title\" href=\"https:\/\/bryg.2th.dk\/?p=5126\">Den sidste Saltum vand<\/a><\/li><li class=\"listing-item\"><a class=\"title\" href=\"https:\/\/bryg.2th.dk\/?p=5124\">Bryggeri i Kjellerup laver rekord\u00f8l<\/a><\/li><li class=\"listing-item\"><a class=\"title\" href=\"https:\/\/bryg.2th.dk\/?p=5122\">Bryggerier vil teste special\u00f8l<\/a><\/li><li class=\"listing-item\"><a class=\"title\" href=\"https:\/\/bryg.2th.dk\/?p=5120\">Nu skal der brygges i Indslev<\/a><\/li><li class=\"listing-item\"><a class=\"title\" href=\"https:\/\/bryg.2th.dk\/?p=5118\">Carlsberg flytter fra Valby<\/a><\/li><li class=\"listing-item\"><a class=\"title\" href=\"https:\/\/bryg.2th.dk\/?p=5116\">Lille bryghus vil s\u00e6lge \u00f8l til hele DK<\/a><\/li><li class=\"listing-item\"><a class=\"title\" href=\"https:\/\/bryg.2th.dk\/?p=5114\">Vild med \u00d8llets historie<\/a><\/li><li class=\"listing-item\"><a class=\"title\" href=\"https:\/\/bryg.2th.dk\/?p=5109\">Byttest\u00e6vne p\u00e5 Bryggeriet Vestfyen<\/a><\/li><li class=\"listing-item\"><a class=\"title\" href=\"https:\/\/bryg.2th.dk\/?p=5107\">\u00d8l fra Skagen &#8211; det er sagen<\/a><\/li><li class=\"listing-item\"><a class=\"title\" href=\"https:\/\/bryg.2th.dk\/?p=5103\">Byttest\u00e6vne i skt. Klemens 2005<\/a><\/li><li class=\"listing-item\"><a class=\"title\" href=\"https:\/\/bryg.2th.dk\/?p=5101\">\u00c6r\u00f8-bryggeri f\u00e5r en million kroner fra EU<\/a><\/li><li class=\"listing-item\"><a class=\"title\" href=\"https:\/\/bryg.2th.dk\/?p=1739\">Bryggerigruppen k\u00f8ber op<\/a><\/li><li class=\"listing-item\"><a class=\"title\" href=\"https:\/\/bryg.2th.dk\/?p=1758\">Nye \u00f8l p\u00e5 markedet &#8211; 2004<\/a><\/li><li class=\"listing-item\"><a class=\"title\" href=\"https:\/\/bryg.2th.dk\/?p=1753\">Egeskov markedet 2004 &#8211; Slut med etiketterne.<\/a><\/li><li class=\"listing-item\"><a class=\"title\" href=\"https:\/\/bryg.2th.dk\/?p=1745\">Byttest\u00e6vne p\u00e5 Carlsberg<\/a><\/li><li class=\"listing-item\"><a class=\"title\" href=\"https:\/\/bryg.2th.dk\/?p=1743\">\u00d8lentusiaster vil bryde monopol<\/a><\/li><li class=\"listing-item\"><a class=\"title\" href=\"https:\/\/bryg.2th.dk\/?p=1741\">Jolly Cola hitter igen<\/a><\/li><li class=\"listing-item\"><a class=\"title\" href=\"https:\/\/bryg.2th.dk\/?p=1732\">God eksport af malt til \u00f8l<\/a><\/li><li class=\"listing-item\"><a class=\"title\" href=\"https:\/\/bryg.2th.dk\/?p=1730\">Besv\u00e6r for de sm\u00e5 bryggerier<\/a><\/li><li class=\"listing-item\"><a class=\"title\" href=\"https:\/\/bryg.2th.dk\/?p=1728\">Jolly Colaen er blevet rigtig fynsk igen<\/a><\/li><li class=\"listing-item\"><a class=\"title\" href=\"https:\/\/bryg.2th.dk\/?p=1726\">Sv\u00e6rt at finde Jolly Colaen p\u00e5 Fyn<\/a><\/li><li class=\"listing-item\"><a class=\"title\" href=\"https:\/\/bryg.2th.dk\/?p=1721\">Ceres Royal bliver fynsk<\/a><\/li><li class=\"listing-item\"><a class=\"title\" href=\"https:\/\/bryg.2th.dk\/?p=1718\">THOR Bryggerierne lukkes<\/a><\/li><li class=\"listing-item\"><a class=\"title\" href=\"https:\/\/bryg.2th.dk\/?p=1714\">Lille lokalbryggeri bag \u00e5rets \u00f8lnyhed<\/a><\/li><li class=\"listing-item\"><a class=\"title\" href=\"https:\/\/bryg.2th.dk\/?p=6861\">Bryggerier fusionerer<\/a><\/li><li class=\"listing-item\"><a class=\"title\" href=\"https:\/\/bryg.2th.dk\/?p=6859\">Vestfyen d\u00f8mt<\/a><\/li><li class=\"listing-item\"><a class=\"title\" href=\"https:\/\/bryg.2th.dk\/?p=6857\">Carlsberg lukker Wiibroe bryggeri<\/a><\/li><li class=\"listing-item\"><a class=\"title\" href=\"https:\/\/bryg.2th.dk\/?p=6855\">Carlsberg kvitter sodavandsflasken<\/a><\/li><\/ul>\n<p>&nbsp;<\/p>\n","protected":false},"excerpt":{"rendered":"<p>Info og nyheder om Danmarks bryggerier. Danske medier skriver af og til lidt om de danske bryggerier, men det er ikke noget vi normalt h\u00f8rer om i radio og tv. Derfor har jeg samlet et udpluk om hvad der r\u00f8re sig i bryggeribranchen. &nbsp;<\/p>\n","protected":false},"author":2,"featured_media":0,"parent":0,"menu_order":5,"comment_status":"closed","ping_status":"closed","template":"","meta":{"ngg_post_thumbnail":0,"footnotes":""},"categories":[],"tags":[],"class_list":["post-13","page","type-page","status-publish","hentry"],"_links":{"self":[{"href":"https:\/\/bryg.2th.dk\/index.php?rest_route=\/wp\/v2\/pages\/13","targetHints":{"allow":["GET"]}}],"collection":[{"href":"https:\/\/bryg.2th.dk\/index.php?rest_route=\/wp\/v2\/pages"}],"about":[{"href":"https:\/\/bryg.2th.dk\/index.php?rest_route=\/wp\/v2\/types\/page"}],"author":[{"embeddable":true,"href":"https:\/\/bryg.2th.dk\/index.php?rest_route=\/wp\/v2\/users\/2"}],"replies":[{"embeddable":true,"href":"https:\/\/bryg.2th.dk\/index.php?rest_route=%2Fwp%2Fv2%2Fcomments&post=13"}],"version-history":[{"count":2,"href":"https:\/\/bryg.2th.dk\/index.php?rest_route=\/wp\/v2\/pages\/13\/revisions"}],"predecessor-version":[{"id":53355,"href":"https:\/\/bryg.2th.dk\/index.php?rest_route=\/wp\/v2\/pages\/13\/revisions\/53355"}],"wp:attachment":[{"href":"https:\/\/bryg.2th.dk\/index.php?rest_route=%2Fwp%2Fv2%2Fmedia&parent=13"}],"wp:term":[{"taxonomy":"category","embeddable":true,"href":"https:\/\/bryg.2th.dk\/index.php?rest_route=%2Fwp%2Fv2%2Fcategories&post=13"},{"taxonomy":"post_tag","embeddable":true,"href":"https:\/\/bryg.2th.dk\/index.php?rest_route=%2Fwp%2Fv2%2Ftags&post=13"}],"curies":[{"name":"wp","href":"https:\/\/api.w.org\/{rel}","templated":true}]}}