{"id":12259,"date":"2015-07-14T09:04:06","date_gmt":"2015-07-14T07:04:06","guid":{"rendered":"https:\/\/bryg.2th.dk\/?page_id=12259"},"modified":"2019-12-16T22:15:37","modified_gmt":"2019-12-16T21:15:37","slug":"jylland","status":"publish","type":"page","link":"https:\/\/bryg.2th.dk\/?page_id=12259","title":{"rendered":"Jylland"},"content":{"rendered":"<h3>Listen over de jyske&nbsp;Mineralvandsfabrikker<\/h3>\n<hr>\n<p>Dertil ogs\u00e5 bryggerierne som havde mineralvandsproduktion<\/p>\n<ul class=\"list-pages-shortcode child-pages\"><li class=\"page_item page-item-11646\"><a href=\"https:\/\/bryg.2th.dk\/?page_id=11646\">A. Bach &#038; S\u00f8n &#8211; N\u00f8rresundby<\/a><\/li>\n<li class=\"page_item page-item-11648\"><a href=\"https:\/\/bryg.2th.dk\/?page_id=11648\">Aabybro Mineralvandsfabrik<\/a><\/li>\n<li class=\"page_item page-item-19343\"><a href=\"https:\/\/bryg.2th.dk\/?page_id=19343\">Bryggeriet Landk\u00e6r<\/a><\/li>\n<li class=\"page_item page-item-19276\"><a href=\"https:\/\/bryg.2th.dk\/?page_id=19276\">Ceres Bryggerierne<\/a><\/li>\n<li class=\"page_item page-item-40370\"><a href=\"https:\/\/bryg.2th.dk\/?page_id=40370\">Esbjerg Mineralvandsfabrik<\/a><\/li>\n<li class=\"page_item page-item-24791\"><a href=\"https:\/\/bryg.2th.dk\/?page_id=24791\">Fabriken Alliance, Horsens<\/a><\/li>\n<li class=\"page_item page-item-24797\"><a href=\"https:\/\/bryg.2th.dk\/?page_id=24797\">Fabriken Fremad, Nibe<\/a><\/li>\n<li class=\"page_item page-item-39647\"><a href=\"https:\/\/bryg.2th.dk\/?page_id=39647\">Fabrikken \u00bbKosmos\u00ab<\/a><\/li>\n<li class=\"page_item page-item-19551\"><a href=\"https:\/\/bryg.2th.dk\/?page_id=19551\">Fjerritslev Mineralvandsfabrik<\/a><\/li>\n<li class=\"page_item page-item-39145\"><a href=\"https:\/\/bryg.2th.dk\/?page_id=39145\">Fladstrand<\/a><\/li>\n<li class=\"page_item page-item-7024\"><a href=\"https:\/\/bryg.2th.dk\/?page_id=7024\">Frem mineralvandsfabrik<\/a><\/li>\n<li class=\"page_item page-item-19442\"><a href=\"https:\/\/bryg.2th.dk\/?page_id=19442\">Hancock Bryggerierne<\/a><\/li>\n<li class=\"page_item page-item-19518\"><a href=\"https:\/\/bryg.2th.dk\/?page_id=19518\">Hirtshals Mineralvandsfabrik<\/a><\/li>\n<li class=\"page_item page-item-19399\"><a href=\"https:\/\/bryg.2th.dk\/?page_id=19399\">Hjulsminde Mineralvand &#8211; Haderslev<\/a><\/li>\n<li class=\"page_item page-item-20867\"><a href=\"https:\/\/bryg.2th.dk\/?page_id=20867\">Hornslet Mineralvandsfabrik<\/a><\/li>\n<li class=\"page_item page-item-24703\"><a href=\"https:\/\/bryg.2th.dk\/?page_id=24703\">Horsa &#8211; Horsens<\/a><\/li>\n<li class=\"page_item page-item-19490\"><a href=\"https:\/\/bryg.2th.dk\/?page_id=19490\">H\u00f8rrelund Kilde &#038; Mineralvandsfabrik<\/a><\/li>\n<li class=\"page_item page-item-39645\"><a href=\"https:\/\/bryg.2th.dk\/?page_id=39645\">Ingvard Bach Mineralvandsfabrik<\/a><\/li>\n<li class=\"page_item page-item-39650\"><a href=\"https:\/\/bryg.2th.dk\/?page_id=39650\">J\u00f8rgen J\u00f8rgensens mineralvandsfabrik &#8211; S\u00f8nderborg<\/a><\/li>\n<li class=\"page_item page-item-39643\"><a href=\"https:\/\/bryg.2th.dk\/?page_id=39643\">Kolding L\u00f8veapoteks Mineralvandsfabrik<\/a><\/li>\n<li class=\"page_item page-item-24801\"><a href=\"https:\/\/bryg.2th.dk\/?page_id=24801\">Mineralvandsfabriken \u00bbNeptun\u00ab, Thisted<\/a><\/li>\n<li class=\"page_item page-item-11873\"><a href=\"https:\/\/bryg.2th.dk\/?page_id=11873\">Mineralvandsfabriken Arden<\/a><\/li>\n<li class=\"page_item page-item-20610\"><a href=\"https:\/\/bryg.2th.dk\/?page_id=20610\">Mineralvandsfabriken S\u00e6by<\/a><\/li>\n<li class=\"page_item page-item-11670\"><a href=\"https:\/\/bryg.2th.dk\/?page_id=11670\">Mineralvandsfabrikken Aalborg<\/a><\/li>\n<li class=\"page_item page-item-11693\"><a href=\"https:\/\/bryg.2th.dk\/?page_id=11693\">Mineralvandsfabrikken Activ Hadsund<\/a><\/li>\n<li class=\"page_item page-item-39659\"><a href=\"https:\/\/bryg.2th.dk\/?page_id=39659\">Mineralvandsfabrikken Jernkilde<\/a><\/li>\n<li class=\"page_item page-item-20819\"><a href=\"https:\/\/bryg.2th.dk\/?page_id=20819\">Mors\u00f8 Bryghus<\/a><\/li>\n<li class=\"page_item page-item-24702\"><a href=\"https:\/\/bryg.2th.dk\/?page_id=24702\">Neptun &#8211; Horsens<\/a><\/li>\n<li class=\"page_item page-item-39629\"><a href=\"https:\/\/bryg.2th.dk\/?page_id=39629\">P. C. Nielsen &#8211; Vejle Ny Mineralvandsfabrik,<\/a><\/li>\n<li class=\"page_item page-item-39159\"><a href=\"https:\/\/bryg.2th.dk\/?page_id=39159\">Polo, Mineralvandsfabriken<\/a><\/li>\n<li class=\"page_item page-item-25601\"><a href=\"https:\/\/bryg.2th.dk\/?page_id=25601\">Randers Mineralvandsfabrik<\/a><\/li>\n<li class=\"page_item page-item-39143\"><a href=\"https:\/\/bryg.2th.dk\/?page_id=39143\">Sct. Nicolauskilde Br\u00f8ndanstalt<\/a><\/li>\n<li class=\"page_item page-item-24690\"><a href=\"https:\/\/bryg.2th.dk\/?page_id=24690\">Silkeborg Br\u00f8ndanstalt<\/a><\/li>\n<li class=\"page_item page-item-20760\"><a href=\"https:\/\/bryg.2th.dk\/?page_id=20760\">Skjold Aalborg<\/a><\/li>\n<li class=\"page_item page-item-20607\"><a href=\"https:\/\/bryg.2th.dk\/?page_id=20607\">Sydjydsk Mineralvandsfabrik<\/a><\/li>\n<li class=\"page_item page-item-26216\"><a href=\"https:\/\/bryg.2th.dk\/?page_id=26216\">Thisted Bryghus<\/a><\/li>\n<li class=\"page_item page-item-24803\"><a href=\"https:\/\/bryg.2th.dk\/?page_id=24803\">Thisted Mineralvandsfabrik<\/a><\/li>\n<li class=\"page_item page-item-19559\"><a href=\"https:\/\/bryg.2th.dk\/?page_id=19559\">Vejen Mineralvandsfabrik<\/a><\/li>\n<li class=\"page_item page-item-39632\"><a href=\"https:\/\/bryg.2th.dk\/?page_id=39632\">Vejle Mineralvandsfabrik<\/a><\/li>\n<\/ul>\n<p>Listen er ikke fuld opdateret, men der kommer flere til som jeg finder frem til dem.<\/p>\n","protected":false},"excerpt":{"rendered":"<p>Listen over de jyske&nbsp;Mineralvandsfabrikker Dertil ogs\u00e5 bryggerierne som havde mineralvandsproduktion Listen er ikke fuld opdateret, men der kommer flere til som jeg finder frem til dem.<\/p>\n","protected":false},"author":2,"featured_media":0,"parent":1021,"menu_order":0,"comment_status":"closed","ping_status":"closed","template":"","meta":{"ngg_post_thumbnail":0,"footnotes":""},"categories":[],"tags":[],"class_list":["post-12259","page","type-page","status-publish","hentry"],"_links":{"self":[{"href":"https:\/\/bryg.2th.dk\/index.php?rest_route=\/wp\/v2\/pages\/12259","targetHints":{"allow":["GET"]}}],"collection":[{"href":"https:\/\/bryg.2th.dk\/index.php?rest_route=\/wp\/v2\/pages"}],"about":[{"href":"https:\/\/bryg.2th.dk\/index.php?rest_route=\/wp\/v2\/types\/page"}],"author":[{"embeddable":true,"href":"https:\/\/bryg.2th.dk\/index.php?rest_route=\/wp\/v2\/users\/2"}],"replies":[{"embeddable":true,"href":"https:\/\/bryg.2th.dk\/index.php?rest_route=%2Fwp%2Fv2%2Fcomments&post=12259"}],"version-history":[{"count":0,"href":"https:\/\/bryg.2th.dk\/index.php?rest_route=\/wp\/v2\/pages\/12259\/revisions"}],"up":[{"embeddable":true,"href":"https:\/\/bryg.2th.dk\/index.php?rest_route=\/wp\/v2\/pages\/1021"}],"wp:attachment":[{"href":"https:\/\/bryg.2th.dk\/index.php?rest_route=%2Fwp%2Fv2%2Fmedia&parent=12259"}],"wp:term":[{"taxonomy":"category","embeddable":true,"href":"https:\/\/bryg.2th.dk\/index.php?rest_route=%2Fwp%2Fv2%2Fcategories&post=12259"},{"taxonomy":"post_tag","embeddable":true,"href":"https:\/\/bryg.2th.dk\/index.php?rest_route=%2Fwp%2Fv2%2Ftags&post=12259"}],"curies":[{"name":"wp","href":"https:\/\/api.w.org\/{rel}","templated":true}]}}