{"id":12257,"date":"2015-07-14T09:03:42","date_gmt":"2015-07-14T07:03:42","guid":{"rendered":"https:\/\/bryg.2th.dk\/?page_id=12257"},"modified":"2019-12-16T22:15:55","modified_gmt":"2019-12-16T21:15:55","slug":"sjaelland-koebenhavn-lolland-falster","status":"publish","type":"page","link":"https:\/\/bryg.2th.dk\/?page_id=12257","title":{"rendered":"Sj\u00e6lland &#8211; K\u00f8benhavn &#038; Lolland Falster"},"content":{"rendered":"<h3>Listen over de sj\u00e6llandske&nbsp;Mineralvandsfabrikker<\/h3>\n<hr>\n<p>samt K\u00f8benhavn og Lolland-Falster<\/p>\n<p>Dertil ogs\u00e5 bryggerierne som havde mineralvandsproduktion<\/p>\n<ul class=\"list-pages-shortcode child-pages\"><li class=\"page_item page-item-11713\"><a href=\"https:\/\/bryg.2th.dk\/?page_id=11713\">A\/S Bryggeriet Alliance, Ringsted<\/a><\/li>\n<li class=\"page_item page-item-25596\"><a href=\"https:\/\/bryg.2th.dk\/?page_id=25596\">Albani Mineralvandsfabrik<\/a><\/li>\n<li class=\"page_item page-item-11763\"><a href=\"https:\/\/bryg.2th.dk\/?page_id=11763\">Amager Mineralvandsfabrik<\/a><\/li>\n<li class=\"page_item page-item-11859\"><a href=\"https:\/\/bryg.2th.dk\/?page_id=11859\">Apollo K\u00f8benhavn<\/a><\/li>\n<li class=\"page_item page-item-1032\"><a href=\"https:\/\/bryg.2th.dk\/?page_id=1032\">Balderskilde<\/a><\/li>\n<li class=\"page_item page-item-11458\"><a href=\"https:\/\/bryg.2th.dk\/?page_id=11458\">Carlsberg Bryggerierne A\/S<\/a><\/li>\n<li class=\"page_item page-item-39147\"><a href=\"https:\/\/bryg.2th.dk\/?page_id=39147\">Fix, Mineralvandsfabriken<\/a><\/li>\n<li class=\"page_item page-item-39161\"><a href=\"https:\/\/bryg.2th.dk\/?page_id=39161\">Frederikssund Mineralvandsfabrik<\/a><\/li>\n<li class=\"page_item page-item-40372\"><a href=\"https:\/\/bryg.2th.dk\/?page_id=40372\">Hamlet Kilden<\/a><\/li>\n<li class=\"page_item page-item-39653\"><a href=\"https:\/\/bryg.2th.dk\/?page_id=39653\">Kalundborg Mineralvandsfabrik<\/a><\/li>\n<li class=\"page_item page-item-24795\"><a href=\"https:\/\/bryg.2th.dk\/?page_id=24795\">Karolinekilde, Nakskov<\/a><\/li>\n<li class=\"page_item page-item-39655\"><a href=\"https:\/\/bryg.2th.dk\/?page_id=39655\">Kors\u00f8r Mineralvandsfabrik<\/a><\/li>\n<li class=\"page_item page-item-11769\"><a href=\"https:\/\/bryg.2th.dk\/?page_id=11769\">Maglekilde &#038; Apollo Roskilde<\/a><\/li>\n<li class=\"page_item page-item-11881\"><a href=\"https:\/\/bryg.2th.dk\/?page_id=11881\">Mineralvandsfabriken Bana Marreb\u00e6k<\/a><\/li>\n<li class=\"page_item page-item-39641\"><a href=\"https:\/\/bryg.2th.dk\/?page_id=39641\">Mineralvandsfabrikken \u00bbNajaden\u00ab<\/a><\/li>\n<li class=\"page_item page-item-39639\"><a href=\"https:\/\/bryg.2th.dk\/?page_id=39639\">Mineralvandsfabrikken \u00bbSvanen\u00ab<\/a><\/li>\n<li class=\"page_item page-item-11741\"><a href=\"https:\/\/bryg.2th.dk\/?page_id=11741\">Mineralvandsfabrikken Als K\u00f8benhavn<\/a><\/li>\n<li class=\"page_item page-item-40362\"><a href=\"https:\/\/bryg.2th.dk\/?page_id=40362\">Mineralvandsfabrikken Cito<\/a><\/li>\n<li class=\"page_item page-item-40374\"><a href=\"https:\/\/bryg.2th.dk\/?page_id=40374\">Mineralvandsfabrikken Fortuna<\/a><\/li>\n<li class=\"page_item page-item-19545\"><a href=\"https:\/\/bryg.2th.dk\/?page_id=19545\">Mineralvandsfabrikken Kongekilde &#8211; Hiller\u00f8d<\/a><\/li>\n<li class=\"page_item page-item-19549\"><a href=\"https:\/\/bryg.2th.dk\/?page_id=19549\">Mineralvandsfabrikken Sj\u00e6lland<\/a><\/li>\n<li class=\"page_item page-item-20661\"><a href=\"https:\/\/bryg.2th.dk\/?page_id=20661\">Mineralvandsfabrikken Thor &#8211; Glostrup<\/a><\/li>\n<li class=\"page_item page-item-39172\"><a href=\"https:\/\/bryg.2th.dk\/?page_id=39172\">M\u00f8ens Mineralvandsfabrik<\/a><\/li>\n<li class=\"page_item page-item-39163\"><a href=\"https:\/\/bryg.2th.dk\/?page_id=39163\">Oasa, Mineralvandsfabriken<\/a><\/li>\n<li class=\"page_item page-item-39157\"><a href=\"https:\/\/bryg.2th.dk\/?page_id=39157\">\u00d8rstedparkens Kuranstalt<\/a><\/li>\n<li class=\"page_item page-item-39155\"><a href=\"https:\/\/bryg.2th.dk\/?page_id=39155\">\u00d8rsteds-Parkens Mineralvandsfabrik<\/a><\/li>\n<li class=\"page_item page-item-39151\"><a href=\"https:\/\/bryg.2th.dk\/?page_id=39151\">Rosenborg Br\u00f8ndanstalt<\/a><\/li>\n<li class=\"page_item page-item-20605\"><a href=\"https:\/\/bryg.2th.dk\/?page_id=20605\">Squash Comp.<\/a><\/li>\n<li class=\"page_item page-item-39153\"><a href=\"https:\/\/bryg.2th.dk\/?page_id=39153\">Steinmetz &#038; Co<\/a><\/li>\n<\/ul>\n<p>Listen er ikke fuld opdateret, men der kommer flere til som jeg finder frem til dem.<\/p>\n","protected":false},"excerpt":{"rendered":"<p>Listen over de sj\u00e6llandske&nbsp;Mineralvandsfabrikker samt K\u00f8benhavn og Lolland-Falster Dertil ogs\u00e5 bryggerierne som havde mineralvandsproduktion Listen er ikke fuld opdateret, men der kommer flere til som jeg finder frem til dem.<\/p>\n","protected":false},"author":2,"featured_media":0,"parent":1021,"menu_order":0,"comment_status":"closed","ping_status":"closed","template":"","meta":{"ngg_post_thumbnail":0,"footnotes":""},"categories":[],"tags":[],"class_list":["post-12257","page","type-page","status-publish","hentry"],"_links":{"self":[{"href":"https:\/\/bryg.2th.dk\/index.php?rest_route=\/wp\/v2\/pages\/12257","targetHints":{"allow":["GET"]}}],"collection":[{"href":"https:\/\/bryg.2th.dk\/index.php?rest_route=\/wp\/v2\/pages"}],"about":[{"href":"https:\/\/bryg.2th.dk\/index.php?rest_route=\/wp\/v2\/types\/page"}],"author":[{"embeddable":true,"href":"https:\/\/bryg.2th.dk\/index.php?rest_route=\/wp\/v2\/users\/2"}],"replies":[{"embeddable":true,"href":"https:\/\/bryg.2th.dk\/index.php?rest_route=%2Fwp%2Fv2%2Fcomments&post=12257"}],"version-history":[{"count":0,"href":"https:\/\/bryg.2th.dk\/index.php?rest_route=\/wp\/v2\/pages\/12257\/revisions"}],"up":[{"embeddable":true,"href":"https:\/\/bryg.2th.dk\/index.php?rest_route=\/wp\/v2\/pages\/1021"}],"wp:attachment":[{"href":"https:\/\/bryg.2th.dk\/index.php?rest_route=%2Fwp%2Fv2%2Fmedia&parent=12257"}],"wp:term":[{"taxonomy":"category","embeddable":true,"href":"https:\/\/bryg.2th.dk\/index.php?rest_route=%2Fwp%2Fv2%2Fcategories&post=12257"},{"taxonomy":"post_tag","embeddable":true,"href":"https:\/\/bryg.2th.dk\/index.php?rest_route=%2Fwp%2Fv2%2Ftags&post=12257"}],"curies":[{"name":"wp","href":"https:\/\/api.w.org\/{rel}","templated":true}]}}