{"id":12094,"date":"2015-05-01T15:47:33","date_gmt":"2015-05-01T13:47:33","guid":{"rendered":"https:\/\/brygny.2th.dk\/?page_id=12094"},"modified":"2025-03-11T16:34:37","modified_gmt":"2025-03-11T15:34:37","slug":"graffs-bryggeri-esbjerg","status":"publish","type":"page","link":"https:\/\/bryg.2th.dk\/?page_id=12094","title":{"rendered":"Graff&#8217;s Bryggeri Esbjerg"},"content":{"rendered":"<h3>Graff&#8217;s Bryggeri Esbjerg 1880-1968<\/h3>\n<hr>\n<p><strong>KORT INFO OM BRYGGERIET\/FABRIKKEN.<\/strong><\/p>\n<table>\n<tbody>\n<tr style=\"border-style: hidden;\">\n<td style=\"width: 40%;background-color: #d4e6d3; height: 18px; border-style: hidden;\" scope=\"row\">&nbsp;<\/td>\n<td style=\"width: 60%; height: 18px; border-style: hidden; vertical-align: top; background-color: #ededed;\" scope=\"row\"><strong>Ejere.<\/strong><\/td>\n<\/tr>\n<tr style=\"border-style: hidden;\">\n<td style=\"width: 40%;background-color: #d4e6d3; height: 233px; border-style: hidden;\" rowspan=\"4\" scope=\"row\"><img decoding=\"async\" class=\"ngg-singlepic ngg-none aligncenter\" src=\"https:\/\/bryg.2th.dk\/wp-content\/gallery\/bryggeri-logoer\/intet_logo.jpg\" alt=\"\" width=\"85%\" height=\"200\"><\/td>\n<td style=\"vertical-align: top; width: 60%; border-color: #000000; height: 179px; border-style: hidden; background-color: #ededed;\" scope=\"row\">Kristian Graff, Kongensgade 88 1880-1895<br \/>\nGraff&#8217;s Bryggeri: Niels Morten Graff, vardevej 21 1895-1942<br \/>\nbrdr. Graff&#8217;s Bryggeri, A Th. Graff &amp; C. Chr. Graff 1942-1953<br \/>\nNiels Graff&#8217;s Bryggeri 1966-1968<\/td>\n<\/tr>\n<tr style=\"border-style: hidden;\">\n<td style=\"vertical-align: top; width: 60%; border-color: #000000; height: 18px; border-style: hidden; background-color: #ededed;\"><strong>Links. <\/strong>Nej<\/td>\n<\/tr>\n<tr style=\"border-style: hidden;\">\n<td style=\"vertical-align: top; width: 60%; border-color: #000000; height: 18px; border-style: hidden; background-color: #ededed;\" scope=\"row\"><strong>Kendte adresser.<\/strong><\/td>\n<\/tr>\n<tr style=\"border-style: hidden;\">\n<td style=\"vertical-align: top; width: 60%; border-color: #000000; height: 18px; border-style: hidden; background-color: #ededed;\">Vardevej 21, 6700 Esbjerg<\/td>\n<\/tr>\n<\/tbody>\n<\/table>\n<hr>\n<p><strong>HISTORIEN.<\/strong><\/p>\n<p style=\"text-align: justify;\">1. december 1880 begyndte Chr. Graffs at brygge \u00f8l p\u00e5 adressen Kongensgade 84. Det var Esbjergs f\u00f8rste bryggeri. I 1895 flyttede bryggeriet til (Gl.) Vardevej 21. Bryggeriet begyndte sm\u00e5t. I 1892 bryggedes ca. 1400 t\u00f8nder \u00f8l. I 1896 var produktionen steget til 2200 t\u00f8nder. I juli 1895, kort f\u00f8r flytningen, overtog s\u00f8nnen N. M. Graff bryggeriet. Han solgte huset i Kongensgade til sadelmager N. H. Nielsen.<\/p>\n<p style=\"text-align: justify;\">Chr. Graff var f\u00f8dt i Svendborg i 1832 og begyndte sin bryggervirksomhed den 1. december 1880, hvilket hovedsageligt bestod af hvidt\u00f8l. Han betegnede ogs\u00e5 sig selv som hvidt\u00f8lsbrygger. I 1895 overtog s\u00f8nnen N. M Graff byggeriet. Han var f\u00f8dt p\u00e5 Fan\u00f8 i 1864 og havde sejlet p\u00e5 langfart, inden han overtog bryggeriet. Kort efter overtagelsen flyttede han bryggeriet til Vardevej 21, hvor det fortsatte som familieejet virksomhed frem til 1968, hvor sidste omgang hvidt\u00f8l blev brygget af Niels Graff, hvorefter navnet blev solgt til Albani, der fortsatte produktionen endnu et par \u00e5r. Navnet p\u00e5 \u00f8llen efter Albani overtog den gik under navnet &#8220;Graff \u00f8l, Slotsbryggeriet&#8221;. (kilde: Esbjerg kommune)<\/p>\n<hr>\n<p><strong>ETIKETTERNE.<\/strong><\/p>\nngg_shortcode_0_placeholder\n<hr>\n<p><strong>ARTIKLER.<\/strong><\/p>\n<p>Der er ikke nogen informationer til dette punkt endnu.<\/p>\n<hr>\n<p><strong>ANDET.<\/strong><\/p>\n<p>Der er ikke nogen informationer til dette punkt endnu.<\/p>\n<hr>\n<p><strong>LITTERATUR.<\/strong><\/p>\n<p>Der er ikke nogen informationer til dette punkt endnu.<\/p>\n<hr>\n<p><strong>REKLAMER &#8211; HERUNDER REKLAME FILM.<\/strong><\/p>\n<p>Der er ikke nogen informationer til dette punkt endnu.<\/p>\n","protected":false},"excerpt":{"rendered":"<p>Graff&#8217;s Bryggeri Esbjerg 1880-1968 KORT INFO OM BRYGGERIET\/FABRIKKEN. &nbsp; Ejere. Kristian Graff, Kongensgade 88 1880-1895 Graff&#8217;s Bryggeri: Niels Morten Graff, vardevej 21 1895-1942 brdr. Graff&#8217;s Bryggeri, A Th. Graff &amp; C. Chr. Graff 1942-1953 Niels Graff&#8217;s Bryggeri 1966-1968 Links. Nej Kendte adresser. Vardevej 21, 6700 Esbjerg HISTORIEN. 1. december 1880 begyndte Chr. Graffs at brygge &hellip; <a href=\"https:\/\/bryg.2th.dk\/?page_id=12094\" class=\"more-link\">L\u00e6s videre <span class=\"screen-reader-text\">Graff&#8217;s Bryggeri Esbjerg<\/span> <span class=\"meta-nav\">&rarr;<\/span><\/a><\/p>\n","protected":false},"author":2,"featured_media":0,"parent":1112,"menu_order":0,"comment_status":"closed","ping_status":"closed","template":"","meta":{"ngg_post_thumbnail":0,"footnotes":""},"categories":[249,53],"tags":[96],"class_list":["post-12094","page","type-page","status-publish","hentry","category-6700b","category-danske-bryggerier-danske-bryggerier","tag-dk_bryg"],"_links":{"self":[{"href":"https:\/\/bryg.2th.dk\/index.php?rest_route=\/wp\/v2\/pages\/12094","targetHints":{"allow":["GET"]}}],"collection":[{"href":"https:\/\/bryg.2th.dk\/index.php?rest_route=\/wp\/v2\/pages"}],"about":[{"href":"https:\/\/bryg.2th.dk\/index.php?rest_route=\/wp\/v2\/types\/page"}],"author":[{"embeddable":true,"href":"https:\/\/bryg.2th.dk\/index.php?rest_route=\/wp\/v2\/users\/2"}],"replies":[{"embeddable":true,"href":"https:\/\/bryg.2th.dk\/index.php?rest_route=%2Fwp%2Fv2%2Fcomments&post=12094"}],"version-history":[{"count":0,"href":"https:\/\/bryg.2th.dk\/index.php?rest_route=\/wp\/v2\/pages\/12094\/revisions"}],"up":[{"embeddable":true,"href":"https:\/\/bryg.2th.dk\/index.php?rest_route=\/wp\/v2\/pages\/1112"}],"wp:attachment":[{"href":"https:\/\/bryg.2th.dk\/index.php?rest_route=%2Fwp%2Fv2%2Fmedia&parent=12094"}],"wp:term":[{"taxonomy":"category","embeddable":true,"href":"https:\/\/bryg.2th.dk\/index.php?rest_route=%2Fwp%2Fv2%2Fcategories&post=12094"},{"taxonomy":"post_tag","embeddable":true,"href":"https:\/\/bryg.2th.dk\/index.php?rest_route=%2Fwp%2Fv2%2Ftags&post=12094"}],"curies":[{"name":"wp","href":"https:\/\/api.w.org\/{rel}","templated":true}]}}