{"id":11984,"date":"2015-05-01T10:49:10","date_gmt":"2015-05-01T08:49:10","guid":{"rendered":"https:\/\/brygny.2th.dk\/?page_id=11984"},"modified":"2025-03-03T17:29:29","modified_gmt":"2025-03-03T16:29:29","slug":"dansk-maltoelbryggeri","status":"publish","type":"page","link":"https:\/\/bryg.2th.dk\/?page_id=11984","title":{"rendered":"Dansk Malt\u00f8lbryggeri"},"content":{"rendered":"<h3>Dansk Malt\u00f8lbryggeri, 1912-1916<\/h3>\n<hr>\n<p><strong>KORT INFO OM BRYGGERIET\/FABRIKKEN.<\/strong><\/p>\n<table>\n<tbody>\n<tr style=\"border-style: hidden;\">\n<td style=\"width: 40%;background-color: #d4e6d3; height: 18px; border-style: hidden;\" scope=\"row\">&nbsp;<\/td>\n<td style=\"width: 60%; height: 18px; border-style: hidden; vertical-align: top; background-color: #ededed;\" scope=\"row\"><strong>Ejere.<\/strong><\/td>\n<\/tr>\n<tr style=\"border-style: hidden;\">\n<td style=\"width: 40%;background-color: #d4e6d3; height: 233px; border-style: hidden;\" rowspan=\"4\" scope=\"row\"><img decoding=\"async\" class=\"ngg-singlepic ngg-none aligncenter\" src=\"https:\/\/bryg.2th.dk\/wp-content\/gallery\/bryggeri-logoer\/intet_logo.jpg\" alt=\"\" width=\"85%\" height=\"200\"><\/td>\n<td style=\"vertical-align: top; width: 60%; border-color: #000000; height: 179px; border-style: hidden; background-color: #ededed;\" scope=\"row\">Adolf Frederik J\u00f8rgensen Stylsvig 1912-1916<\/td>\n<\/tr>\n<tr style=\"border-style: hidden;\">\n<td style=\"vertical-align: top; width: 60%; border-color: #000000; height: 18px; border-style: hidden; background-color: #ededed;\"><strong>Links. <\/strong>Nej<\/td>\n<\/tr>\n<tr style=\"border-style: hidden;\">\n<td style=\"vertical-align: top; width: 60%; border-color: #000000; height: 18px; border-style: hidden; background-color: #ededed;\" scope=\"row\"><strong>Kendte adresser.<\/strong><\/td>\n<\/tr>\n<tr style=\"border-style: hidden;\">\n<td style=\"vertical-align: top; width: 60%; border-color: #000000; height: 18px; border-style: hidden; background-color: #ededed;\">Vester F\u00e6lledvej 66, 1799 K\u00f8benhavn V.<br \/>\nSenere<br \/>\nGr\u00f8nbakken, 2720 Vanl\u00f8se<\/td>\n<\/tr>\n<\/tbody>\n<\/table>\n<hr>\n<p><strong>HISTORIEN.<\/strong><\/p>\n<p style=\"text-align: justify;\">Bryggeriet flyttede fra Vesterf\u00e6lledvej i K\u00f8benhavn til Gr\u00f8nbakken i Vanl\u00f8se i 1916. Siden efter blev det kaldt Vanl\u00f8se Bryggeri frem til slutningen at 1920&#8217;erne.<\/p>\n<hr>\n<p><strong>ETIKETTERNE.<\/strong><\/p>\nngg_shortcode_0_placeholder\n<hr>\n<p><strong>ARTIKLER.<\/strong><\/p>\n<p>Der er ikke nogen informationer til dette punkt endnu.<\/p>\n<hr>\n<p><strong>ANDET.<\/strong><\/p>\n<p>Der er ikke nogen informationer til dette punkt endnu.<\/p>\n<hr>\n<p><strong>LITTERATUR.<\/strong><\/p>\n<p>Der er ikke nogen informationer til dette punkt endnu.<\/p>\n<hr>\n<p><strong>REKLAMER &#8211; HERUNDER REKLAME FILM.<\/strong><\/p>\n<p>Der er ikke nogen informationer til dette punkt endnu.<\/p>\n","protected":false},"excerpt":{"rendered":"<p>Dansk Malt\u00f8lbryggeri, 1912-1916 KORT INFO OM BRYGGERIET\/FABRIKKEN. &nbsp; Ejere. Adolf Frederik J\u00f8rgensen Stylsvig 1912-1916 Links. Nej Kendte adresser. Vester F\u00e6lledvej 66, 1799 K\u00f8benhavn V. Senere Gr\u00f8nbakken, 2720 Vanl\u00f8se HISTORIEN. Bryggeriet flyttede fra Vesterf\u00e6lledvej i K\u00f8benhavn til Gr\u00f8nbakken i Vanl\u00f8se i 1916. Siden efter blev det kaldt Vanl\u00f8se Bryggeri frem til slutningen at 1920&#8217;erne. ETIKETTERNE. ARTIKLER. &hellip; <a href=\"https:\/\/bryg.2th.dk\/?page_id=11984\" class=\"more-link\">L\u00e6s videre <span class=\"screen-reader-text\">Dansk Malt\u00f8lbryggeri<\/span> <span class=\"meta-nav\">&rarr;<\/span><\/a><\/p>\n","protected":false},"author":2,"featured_media":0,"parent":1108,"menu_order":0,"comment_status":"closed","ping_status":"closed","template":"","meta":{"ngg_post_thumbnail":0,"footnotes":""},"categories":[471,53],"tags":[96],"class_list":["post-11984","page","type-page","status-publish","hentry","category-2000b","category-danske-bryggerier-danske-bryggerier","tag-dk_bryg"],"_links":{"self":[{"href":"https:\/\/bryg.2th.dk\/index.php?rest_route=\/wp\/v2\/pages\/11984","targetHints":{"allow":["GET"]}}],"collection":[{"href":"https:\/\/bryg.2th.dk\/index.php?rest_route=\/wp\/v2\/pages"}],"about":[{"href":"https:\/\/bryg.2th.dk\/index.php?rest_route=\/wp\/v2\/types\/page"}],"author":[{"embeddable":true,"href":"https:\/\/bryg.2th.dk\/index.php?rest_route=\/wp\/v2\/users\/2"}],"replies":[{"embeddable":true,"href":"https:\/\/bryg.2th.dk\/index.php?rest_route=%2Fwp%2Fv2%2Fcomments&post=11984"}],"version-history":[{"count":0,"href":"https:\/\/bryg.2th.dk\/index.php?rest_route=\/wp\/v2\/pages\/11984\/revisions"}],"up":[{"embeddable":true,"href":"https:\/\/bryg.2th.dk\/index.php?rest_route=\/wp\/v2\/pages\/1108"}],"wp:attachment":[{"href":"https:\/\/bryg.2th.dk\/index.php?rest_route=%2Fwp%2Fv2%2Fmedia&parent=11984"}],"wp:term":[{"taxonomy":"category","embeddable":true,"href":"https:\/\/bryg.2th.dk\/index.php?rest_route=%2Fwp%2Fv2%2Fcategories&post=11984"},{"taxonomy":"post_tag","embeddable":true,"href":"https:\/\/bryg.2th.dk\/index.php?rest_route=%2Fwp%2Fv2%2Ftags&post=11984"}],"curies":[{"name":"wp","href":"https:\/\/api.w.org\/{rel}","templated":true}]}}