{"id":11338,"date":"2015-04-26T14:28:45","date_gmt":"2015-04-26T12:28:45","guid":{"rendered":"https:\/\/brygny.2th.dk\/?page_id=11338"},"modified":"2023-07-15T14:41:53","modified_gmt":"2023-07-15T12:41:53","slug":"1999-2","status":"publish","type":"page","link":"https:\/\/bryg.2th.dk\/?page_id=11338","title":{"rendered":"1999"},"content":{"rendered":"<h3 align=\"left\">De nye \u00f8l i 1999.<\/h3>\n<hr>\n<div align=\"left\">&nbsp;Her er oversigten over \u00f8l som er udkommet i 1999, dog med den begr\u00e6nsning at der er etiketter p\u00e5 disse \u00f8l og lejligheds etiketter er talt med her.<\/div>\n<div align=\"left\">&nbsp;<\/div>\n<div align=\"left\">\n<table id=\"tablepress-25\" class=\"tablepress tablepress-id-25\">\n<thead>\n<tr class=\"row-1\">\n\t<th class=\"column-1\">%<\/th><th class=\"column-2\">Navn<\/th><th class=\"column-3\">Beskrivelse<\/th><th class=\"column-4\">Bryggeri<\/th><th class=\"column-5\">Dato<\/th>\n<\/tr>\n<\/thead>\n<tbody class=\"row-striping row-hover\">\n<tr class=\"row-2\">\n\t<td class=\"column-1\"><\/td><td class=\"column-2\">Egeskov Marked 1999<\/td><td class=\"column-3\">Reklame etiket<\/td><td class=\"column-4\">Albani<\/td><td class=\"column-5\">01-09-1999<\/td>\n<\/tr>\n<tr class=\"row-3\">\n\t<td class=\"column-1\"><\/td><td class=\"column-2\">1859 Jubil\u00e6ums\u00f8l<\/td><td class=\"column-3\">Ny \u00f8l - Er ikke til salg<\/td><td class=\"column-4\">Albani<\/td><td class=\"column-5\">10-03-1999<\/td>\n<\/tr>\n<tr class=\"row-4\">\n\t<td class=\"column-1\"><\/td><td class=\"column-2\">24-12<\/td><td class=\"column-3\">Aftapningen flyttet fra Slotsm\u00f8llen - Ny etiket<\/td><td class=\"column-4\">Baldur<\/td><td class=\"column-5\">04-02-1999<\/td>\n<\/tr>\n<tr class=\"row-5\">\n\t<td class=\"column-1\"><\/td><td class=\"column-2\">Slots Pilsner<\/td><td class=\"column-3\">Aftapningen flyttet fra Slotsm\u00f8llen - Ny etiket<\/td><td class=\"column-4\">Baldur<\/td><td class=\"column-5\">04-02-1999<\/td>\n<\/tr>\n<tr class=\"row-6\">\n\t<td class=\"column-1\"><\/td><td class=\"column-2\">Slots Guld Export<\/td><td class=\"column-3\">Aftapningen flyttet fra Slotsm\u00f8llen - Ny etiket<\/td><td class=\"column-4\">Baldur<\/td><td class=\"column-5\">04-02-1999<\/td>\n<\/tr>\n<tr class=\"row-7\">\n\t<td class=\"column-1\"><\/td><td class=\"column-2\">C2K (Sort Guld 3L.)<\/td><td class=\"column-3\">Ny \u00f8l<\/td><td class=\"column-4\">Carlsberg A\/S<\/td><td class=\"column-5\">11-12-1999<\/td>\n<\/tr>\n<tr class=\"row-8\">\n\t<td class=\"column-1\"><\/td><td class=\"column-2\">Bryggeriforeningen 100 \u00c5r<\/td><td class=\"column-3\">S\u00e6retiket<\/td><td class=\"column-4\">Carlsberg A\/S<\/td><td class=\"column-5\">05-04-1999<\/td>\n<\/tr>\n<tr class=\"row-9\">\n\t<td class=\"column-1\"><\/td><td class=\"column-2\">Samlerforeningen Fort 20 \u00c5r<\/td><td class=\"column-3\">S\u00e6retiket<\/td><td class=\"column-4\">Carlsberg A\/S<\/td><td class=\"column-5\">04-04-1999<\/td>\n<\/tr>\n<tr class=\"row-10\">\n\t<td class=\"column-1\"><\/td><td class=\"column-2\">Netto 18 \u00c5r<\/td><td class=\"column-3\">Reklame etiket<\/td><td class=\"column-4\">Harboe<\/td><td class=\"column-5\">04-03-1999<\/td>\n<\/tr>\n<tr class=\"row-11\">\n\t<td class=\"column-1\"><\/td><td class=\"column-2\">2000 Milenium Pilsner<\/td><td class=\"column-3\">Ny \u00f8l<\/td><td class=\"column-4\">Harboe<\/td><td class=\"column-5\">11-12-1999<\/td>\n<\/tr>\n<tr class=\"row-12\">\n\t<td class=\"column-1\"><\/td><td class=\"column-2\">S\u00f8bogaard Pilsner<\/td><td class=\"column-3\">Reklame etiket<\/td><td class=\"column-4\">Thisted Bryghus<\/td><td class=\"column-5\">22-03-1999<\/td>\n<\/tr>\n<tr class=\"row-13\">\n\t<td class=\"column-1\"><\/td><td class=\"column-2\">ToThysinde - 2000<\/td><td class=\"column-3\">Ny \u00f8l<\/td><td class=\"column-4\">Thisted Bryghus<\/td><td class=\"column-5\">01-12-1999<\/td>\n<\/tr>\n<tr class=\"row-14\">\n\t<td class=\"column-1\"><\/td><td class=\"column-2\">Guld Flue<\/td><td class=\"column-3\">Ny \u00f8l for Fleggaard<\/td><td class=\"column-4\">Vestfyen<\/td><td class=\"column-5\">14-03-1999<\/td>\n<\/tr>\n<tr class=\"row-15\">\n\t<td class=\"column-1\"><\/td><td class=\"column-2\">Krudtuglen 2000<\/td><td class=\"column-3\">Ny \u00f8l<\/td><td class=\"column-4\">Vestfyen<\/td><td class=\"column-5\">01-12-1999<\/td>\n<\/tr>\n<tr class=\"row-16\">\n\t<td class=\"column-1\"><\/td><td class=\"column-2\">Natugle<\/td><td class=\"column-3\">Ny \u00f8l<\/td><td class=\"column-4\">Vestfyen<\/td><td class=\"column-5\">14-03-1999<\/td>\n<\/tr>\n<tr class=\"row-17\">\n\t<td class=\"column-1\"><\/td><td class=\"column-2\">Sol Birra<\/td><td class=\"column-3\">Ny \u00f8l<\/td><td class=\"column-4\">Vestfyen<\/td><td class=\"column-5\">14-03-1999<\/td>\n<\/tr>\n<\/tbody>\n<\/table>\n<!-- #tablepress-25 from cache --><\/div>\n","protected":false},"excerpt":{"rendered":"<p>De nye \u00f8l i 1999. &nbsp;Her er oversigten over \u00f8l som er udkommet i 1999, dog med den begr\u00e6nsning at der er etiketter p\u00e5 disse \u00f8l og lejligheds etiketter er talt med her. &nbsp;<\/p>\n","protected":false},"author":2,"featured_media":0,"parent":11312,"menu_order":0,"comment_status":"closed","ping_status":"closed","template":"page-templates\/full-width.php","meta":{"ngg_post_thumbnail":0,"footnotes":""},"categories":[],"tags":[99],"class_list":["post-11338","page","type-page","status-publish","hentry","tag-nye_oel"],"_links":{"self":[{"href":"https:\/\/bryg.2th.dk\/index.php?rest_route=\/wp\/v2\/pages\/11338","targetHints":{"allow":["GET"]}}],"collection":[{"href":"https:\/\/bryg.2th.dk\/index.php?rest_route=\/wp\/v2\/pages"}],"about":[{"href":"https:\/\/bryg.2th.dk\/index.php?rest_route=\/wp\/v2\/types\/page"}],"author":[{"embeddable":true,"href":"https:\/\/bryg.2th.dk\/index.php?rest_route=\/wp\/v2\/users\/2"}],"replies":[{"embeddable":true,"href":"https:\/\/bryg.2th.dk\/index.php?rest_route=%2Fwp%2Fv2%2Fcomments&post=11338"}],"version-history":[{"count":0,"href":"https:\/\/bryg.2th.dk\/index.php?rest_route=\/wp\/v2\/pages\/11338\/revisions"}],"up":[{"embeddable":true,"href":"https:\/\/bryg.2th.dk\/index.php?rest_route=\/wp\/v2\/pages\/11312"}],"wp:attachment":[{"href":"https:\/\/bryg.2th.dk\/index.php?rest_route=%2Fwp%2Fv2%2Fmedia&parent=11338"}],"wp:term":[{"taxonomy":"category","embeddable":true,"href":"https:\/\/bryg.2th.dk\/index.php?rest_route=%2Fwp%2Fv2%2Fcategories&post=11338"},{"taxonomy":"post_tag","embeddable":true,"href":"https:\/\/bryg.2th.dk\/index.php?rest_route=%2Fwp%2Fv2%2Ftags&post=11338"}],"curies":[{"name":"wp","href":"https:\/\/api.w.org\/{rel}","templated":true}]}}