{"id":11334,"date":"2015-04-26T14:27:52","date_gmt":"2015-04-26T12:27:52","guid":{"rendered":"https:\/\/brygny.2th.dk\/?page_id=11334"},"modified":"2023-07-15T14:41:52","modified_gmt":"2023-07-15T12:41:52","slug":"1997-2","status":"publish","type":"page","link":"https:\/\/bryg.2th.dk\/?page_id=11334","title":{"rendered":"1997"},"content":{"rendered":"<h3 align=\"left\">De nye \u00f8l i 1997.<\/h3>\n<hr>\n<div align=\"left\">&nbsp;Her er oversigten over \u00f8l som er udkommet i 1997, dog med den begr\u00e6nsning at der er etiketter p\u00e5 disse \u00f8l og lejligheds etiketter er talt med her.<\/div>\n<div align=\"left\">&nbsp;<\/div>\n<div align=\"left\">\n<table id=\"tablepress-25\" class=\"tablepress tablepress-id-25\">\n<thead>\n<tr class=\"row-1\">\n\t<th class=\"column-1\">%<\/th><th class=\"column-2\">Navn<\/th><th class=\"column-3\">Beskrivelse<\/th><th class=\"column-4\">Bryggeri<\/th><th class=\"column-5\">Dato<\/th>\n<\/tr>\n<\/thead>\n<tbody class=\"row-striping row-hover\">\n<tr class=\"row-2\">\n\t<td class=\"column-1\"><\/td><td class=\"column-2\">Egeskov Marked 1997<\/td><td class=\"column-3\">Reklame etiket<\/td><td class=\"column-4\">Albani<\/td><td class=\"column-5\">01-09-1997<\/td>\n<\/tr>\n<tr class=\"row-3\">\n\t<td class=\"column-1\"><\/td><td class=\"column-2\">100% Ekstra Strong<\/td><td class=\"column-3\">Ny \u00f8l<\/td><td class=\"column-4\">Faxe<\/td><td class=\"column-5\">17-11-1997<\/td>\n<\/tr>\n<tr class=\"row-4\">\n\t<td class=\"column-1\"><\/td><td class=\"column-2\">Netto 16 \u00c5r<\/td><td class=\"column-3\">Reklame etiket<\/td><td class=\"column-4\">Harboe<\/td><td class=\"column-5\">01-03-1997<\/td>\n<\/tr>\n<tr class=\"row-5\">\n\t<td class=\"column-1\"><\/td><td class=\"column-2\">Bison kl. 3<\/td><td class=\"column-3\">Ny \u00f8l til det svenske marked<\/td><td class=\"column-4\">Thisted Bryghus<\/td><td class=\"column-5\">24-03-1997<\/td>\n<\/tr>\n<tr class=\"row-6\">\n\t<td class=\"column-1\"><\/td><td class=\"column-2\">Snefnug<\/td><td class=\"column-3\">Ny \u00f8l<\/td><td class=\"column-4\">Thisted Bryghus<\/td><td class=\"column-5\">21-11-1997<\/td>\n<\/tr>\n<tr class=\"row-7\">\n\t<td class=\"column-1\"><\/td><td class=\"column-2\">Hanstholm Pilsner<\/td><td class=\"column-3\">Reklame etiket<\/td><td class=\"column-4\">Thisted Bryghus<\/td><td class=\"column-5\">04-01-1997<\/td>\n<\/tr>\n<\/tbody>\n<\/table>\n<!-- #tablepress-25 from cache --><\/div>\n","protected":false},"excerpt":{"rendered":"<p>De nye \u00f8l i 1997. &nbsp;Her er oversigten over \u00f8l som er udkommet i 1997, dog med den begr\u00e6nsning at der er etiketter p\u00e5 disse \u00f8l og lejligheds etiketter er talt med her. &nbsp;<\/p>\n","protected":false},"author":2,"featured_media":0,"parent":11312,"menu_order":0,"comment_status":"closed","ping_status":"closed","template":"page-templates\/full-width.php","meta":{"ngg_post_thumbnail":0,"footnotes":""},"categories":[],"tags":[99],"class_list":["post-11334","page","type-page","status-publish","hentry","tag-nye_oel"],"_links":{"self":[{"href":"https:\/\/bryg.2th.dk\/index.php?rest_route=\/wp\/v2\/pages\/11334","targetHints":{"allow":["GET"]}}],"collection":[{"href":"https:\/\/bryg.2th.dk\/index.php?rest_route=\/wp\/v2\/pages"}],"about":[{"href":"https:\/\/bryg.2th.dk\/index.php?rest_route=\/wp\/v2\/types\/page"}],"author":[{"embeddable":true,"href":"https:\/\/bryg.2th.dk\/index.php?rest_route=\/wp\/v2\/users\/2"}],"replies":[{"embeddable":true,"href":"https:\/\/bryg.2th.dk\/index.php?rest_route=%2Fwp%2Fv2%2Fcomments&post=11334"}],"version-history":[{"count":0,"href":"https:\/\/bryg.2th.dk\/index.php?rest_route=\/wp\/v2\/pages\/11334\/revisions"}],"up":[{"embeddable":true,"href":"https:\/\/bryg.2th.dk\/index.php?rest_route=\/wp\/v2\/pages\/11312"}],"wp:attachment":[{"href":"https:\/\/bryg.2th.dk\/index.php?rest_route=%2Fwp%2Fv2%2Fmedia&parent=11334"}],"wp:term":[{"taxonomy":"category","embeddable":true,"href":"https:\/\/bryg.2th.dk\/index.php?rest_route=%2Fwp%2Fv2%2Fcategories&post=11334"},{"taxonomy":"post_tag","embeddable":true,"href":"https:\/\/bryg.2th.dk\/index.php?rest_route=%2Fwp%2Fv2%2Ftags&post=11334"}],"curies":[{"name":"wp","href":"https:\/\/api.w.org\/{rel}","templated":true}]}}