{"id":11328,"date":"2015-04-26T14:25:49","date_gmt":"2015-04-26T12:25:49","guid":{"rendered":"https:\/\/brygny.2th.dk\/?page_id=11328"},"modified":"2023-07-15T14:41:52","modified_gmt":"2023-07-15T12:41:52","slug":"1990-2","status":"publish","type":"page","link":"https:\/\/bryg.2th.dk\/?page_id=11328","title":{"rendered":"1990"},"content":{"rendered":"<h3 align=\"left\">De nye \u00f8l i 1990.<\/h3>\n<div align=\"left\">\u00a0Her er oversigten over \u00f8l som er udkommet i 1990, dog med den begr\u00e6nsning at der er etiketter p\u00e5 disse \u00f8l og lejligheds etiketter er talt med her.<\/div>\n<div align=\"left\"><\/div>\n<div align=\"left\">\n<table id=\"tablepress-28\" class=\"tablepress tablepress-id-28\">\n<thead>\n<tr class=\"row-1\">\n\t<th class=\"column-1\">%<\/th><th class=\"column-2\">Navn<\/th><th class=\"column-3\">Beskrivelse<\/th><th class=\"column-4\">Bryggeri<\/th><th class=\"column-5\">Dato<\/th>\n<\/tr>\n<\/thead>\n<tbody class=\"row-striping row-hover\">\n<tr class=\"row-2\">\n\t<td class=\"column-1\"><\/td><td class=\"column-2\">Egeskov Marked 1990<\/td><td class=\"column-3\">Reklame etiket<\/td><td class=\"column-4\">Albani<\/td><td class=\"column-5\">01-09-1990<\/td>\n<\/tr>\n<tr class=\"row-3\">\n\t<td class=\"column-1\"><\/td><td class=\"column-2\">Giraf Strong<\/td><td class=\"column-3\">Ny etiket Nr: 0101<\/td><td class=\"column-4\">Albani<\/td><td class=\"column-5\">07-02-1990<\/td>\n<\/tr>\n<tr class=\"row-4\">\n\t<td class=\"column-1\"><\/td><td class=\"column-2\">Giraf Beer<\/td><td class=\"column-3\">Ny etiket Nr: 0117<\/td><td class=\"column-4\">Albani<\/td><td class=\"column-5\">08-02-1990<\/td>\n<\/tr>\n<tr class=\"row-5\">\n\t<td class=\"column-1\"><\/td><td class=\"column-2\">Albani Pilsner<\/td><td class=\"column-3\">\u00c6ndret etiket Nr: 0404<\/td><td class=\"column-4\">Albani<\/td><td class=\"column-5\">07-02-1990<\/td>\n<\/tr>\n<tr class=\"row-6\">\n\t<td class=\"column-1\"><\/td><td class=\"column-2\">Special Brew<\/td><td class=\"column-3\">Ny \u00f8l<\/td><td class=\"column-4\">Carlsberg A\/S<\/td><td class=\"column-5\">11-03-1990<\/td>\n<\/tr>\n<tr class=\"row-7\">\n\t<td class=\"column-1\"><\/td><td class=\"column-2\">Jubil\u00e6ums Pilsner 125 \u00e5r.<\/td><td class=\"column-3\">S\u00e6retiket<\/td><td class=\"column-4\">Fuglsang<\/td><td class=\"column-5\">01-06-1990<\/td>\n<\/tr>\n<tr class=\"row-8\">\n\t<td class=\"column-1\"><\/td><td class=\"column-2\">Rechto Cup 90<\/td><td class=\"column-3\">Reklame etiket<\/td><td class=\"column-4\">Neptun<\/td><td class=\"column-5\">01-06-1990<\/td>\n<\/tr>\n<tr class=\"row-9\">\n\t<td class=\"column-1\"><\/td><td class=\"column-2\">Kliple' M\u00e6rken 90<\/td><td class=\"column-3\">Reklame etiket<\/td><td class=\"column-4\">Thor<\/td><td class=\"column-5\">01-06-1990<\/td>\n<\/tr>\n<\/tbody>\n<\/table>\n<!-- #tablepress-28 from cache --><\/div>\n","protected":false},"excerpt":{"rendered":"<p>De nye \u00f8l i 1990. \u00a0Her er oversigten over \u00f8l som er udkommet i 1990, dog med den begr\u00e6nsning at der er etiketter p\u00e5 disse \u00f8l og lejligheds etiketter er talt med her.<\/p>\n","protected":false},"author":2,"featured_media":0,"parent":11312,"menu_order":0,"comment_status":"closed","ping_status":"closed","template":"page-templates\/full-width.php","meta":{"ngg_post_thumbnail":0,"footnotes":""},"categories":[],"tags":[99],"class_list":["post-11328","page","type-page","status-publish","hentry","tag-nye_oel"],"_links":{"self":[{"href":"https:\/\/bryg.2th.dk\/index.php?rest_route=\/wp\/v2\/pages\/11328","targetHints":{"allow":["GET"]}}],"collection":[{"href":"https:\/\/bryg.2th.dk\/index.php?rest_route=\/wp\/v2\/pages"}],"about":[{"href":"https:\/\/bryg.2th.dk\/index.php?rest_route=\/wp\/v2\/types\/page"}],"author":[{"embeddable":true,"href":"https:\/\/bryg.2th.dk\/index.php?rest_route=\/wp\/v2\/users\/2"}],"replies":[{"embeddable":true,"href":"https:\/\/bryg.2th.dk\/index.php?rest_route=%2Fwp%2Fv2%2Fcomments&post=11328"}],"version-history":[{"count":0,"href":"https:\/\/bryg.2th.dk\/index.php?rest_route=\/wp\/v2\/pages\/11328\/revisions"}],"up":[{"embeddable":true,"href":"https:\/\/bryg.2th.dk\/index.php?rest_route=\/wp\/v2\/pages\/11312"}],"wp:attachment":[{"href":"https:\/\/bryg.2th.dk\/index.php?rest_route=%2Fwp%2Fv2%2Fmedia&parent=11328"}],"wp:term":[{"taxonomy":"category","embeddable":true,"href":"https:\/\/bryg.2th.dk\/index.php?rest_route=%2Fwp%2Fv2%2Fcategories&post=11328"},{"taxonomy":"post_tag","embeddable":true,"href":"https:\/\/bryg.2th.dk\/index.php?rest_route=%2Fwp%2Fv2%2Ftags&post=11328"}],"curies":[{"name":"wp","href":"https:\/\/api.w.org\/{rel}","templated":true}]}}