{"id":11321,"date":"2015-04-26T14:24:10","date_gmt":"2015-04-26T12:24:10","guid":{"rendered":"https:\/\/brygny.2th.dk\/?page_id=11321"},"modified":"2023-07-15T14:41:52","modified_gmt":"2023-07-15T12:41:52","slug":"1993-2","status":"publish","type":"page","link":"https:\/\/bryg.2th.dk\/?page_id=11321","title":{"rendered":"1993"},"content":{"rendered":"<h3 align=\"left\">De nye \u00f8l i 1993.<\/h3>\n<hr>\n<div align=\"left\">&nbsp;Her er oversigten over \u00f8l som er udkommet i 1993, dog med den begr\u00e6nsning at der er etiketter p\u00e5 disse \u00f8l og lejligheds etiketter er talt med her.<\/div>\n<div align=\"left\">&nbsp;<\/div>\n<div align=\"left\">\n<table id=\"tablepress-28\" class=\"tablepress tablepress-id-28\">\n<thead>\n<tr class=\"row-1\">\n\t<th class=\"column-1\">%<\/th><th class=\"column-2\">Navn<\/th><th class=\"column-3\">Beskrivelse<\/th><th class=\"column-4\">Bryggeri<\/th><th class=\"column-5\">Dato<\/th>\n<\/tr>\n<\/thead>\n<tbody class=\"row-striping row-hover\">\n<tr class=\"row-2\">\n\t<td class=\"column-1\"><\/td><td class=\"column-2\">1859 - Ikke til salg<\/td><td class=\"column-3\">Ny \u00f8l<\/td><td class=\"column-4\">Albani<\/td><td class=\"column-5\">01-10-1993<\/td>\n<\/tr>\n<tr class=\"row-3\">\n\t<td class=\"column-1\"><\/td><td class=\"column-2\">Egeskov Marked 1993<\/td><td class=\"column-3\">Reklame etiket<\/td><td class=\"column-4\">Albani<\/td><td class=\"column-5\">01-09-1993<\/td>\n<\/tr>\n<tr class=\"row-4\">\n\t<td class=\"column-1\"><\/td><td class=\"column-2\">Faxe Free<\/td><td class=\"column-3\">Ny \u00f8l<\/td><td class=\"column-4\">Faxe<\/td><td class=\"column-5\">20-02-1993<\/td>\n<\/tr>\n<tr class=\"row-5\">\n\t<td class=\"column-1\"><\/td><td class=\"column-2\">Danske \u00d8lsamlere<\/td><td class=\"column-3\">S\u00e6retiket <\/td><td class=\"column-4\">Faxe<\/td><td class=\"column-5\">01-04-1993<\/td>\n<\/tr>\n<tr class=\"row-6\">\n\t<td class=\"column-1\"><\/td><td class=\"column-2\">Harboe Silver<\/td><td class=\"column-3\">Etiketten er \u00e6ndret<\/td><td class=\"column-4\">Harboe<\/td><td class=\"column-5\">28-05-1993<\/td>\n<\/tr>\n<tr class=\"row-7\">\n\t<td class=\"column-1\"><\/td><td class=\"column-2\">Harboe Silver<\/td><td class=\"column-3\">Til det tyske marked<\/td><td class=\"column-4\">Harboe<\/td><td class=\"column-5\">28-05-1993<\/td>\n<\/tr>\n<tr class=\"row-8\">\n\t<td class=\"column-1\"><\/td><td class=\"column-2\">Bear Bryg<\/td><td class=\"column-3\">Til det engelske marked<\/td><td class=\"column-4\">Harboe<\/td><td class=\"column-5\">28-05-1993<\/td>\n<\/tr>\n<tr class=\"row-9\">\n\t<td class=\"column-1\"><\/td><td class=\"column-2\">Superland Pilsner<\/td><td class=\"column-3\">Ny \u00f8l<\/td><td class=\"column-4\">Maribo Bryghus<\/td><td class=\"column-5\">12-02-1993<\/td>\n<\/tr>\n<tr class=\"row-10\">\n\t<td class=\"column-1\"><\/td><td class=\"column-2\">S\u00f8lvbjergh\u00f8j Egnsspil<\/td><td class=\"column-3\">S\u00e6retiket<\/td><td class=\"column-4\">Maribo Bryghus<\/td><td class=\"column-5\">14-06-1993<\/td>\n<\/tr>\n<tr class=\"row-11\">\n\t<td class=\"column-1\"><\/td><td class=\"column-2\">Den Bl\u00e5 Nyk\u00f8bing<\/td><td class=\"column-3\">Serie med 10 motiver<\/td><td class=\"column-4\">Maribo Bryghus<\/td><td class=\"column-5\">01-06-1993<\/td>\n<\/tr>\n<tr class=\"row-12\">\n\t<td class=\"column-1\"><\/td><td class=\"column-2\">Tuborg Superlight<\/td><td class=\"column-3\">Ny \u00f8l<\/td><td class=\"column-4\">Tuborg<\/td><td class=\"column-5\">22-04-1993<\/td>\n<\/tr>\n<tr class=\"row-13\">\n\t<td class=\"column-1\"><\/td><td class=\"column-2\">Flue \u00d8l<\/td><td class=\"column-3\">Ny \u00f8l<\/td><td class=\"column-4\">Vestfyen<\/td><td class=\"column-5\">01-08-1993<\/td>\n<\/tr>\n<tr class=\"row-14\">\n\t<td class=\"column-1\"><\/td><td class=\"column-2\">Blondie<\/td><td class=\"column-3\">Ny \u00f8l<\/td><td class=\"column-4\">Wiibroe<\/td><td class=\"column-5\">20-02-1993<\/td>\n<\/tr>\n<\/tbody>\n<\/table>\n<!-- #tablepress-28 from cache --><\/div>\n","protected":false},"excerpt":{"rendered":"<p>De nye \u00f8l i 1993. &nbsp;Her er oversigten over \u00f8l som er udkommet i 1993, dog med den begr\u00e6nsning at der er etiketter p\u00e5 disse \u00f8l og lejligheds etiketter er talt med her. &nbsp;<\/p>\n","protected":false},"author":2,"featured_media":0,"parent":11312,"menu_order":0,"comment_status":"closed","ping_status":"closed","template":"page-templates\/full-width.php","meta":{"ngg_post_thumbnail":0,"footnotes":""},"categories":[],"tags":[99],"class_list":["post-11321","page","type-page","status-publish","hentry","tag-nye_oel"],"_links":{"self":[{"href":"https:\/\/bryg.2th.dk\/index.php?rest_route=\/wp\/v2\/pages\/11321","targetHints":{"allow":["GET"]}}],"collection":[{"href":"https:\/\/bryg.2th.dk\/index.php?rest_route=\/wp\/v2\/pages"}],"about":[{"href":"https:\/\/bryg.2th.dk\/index.php?rest_route=\/wp\/v2\/types\/page"}],"author":[{"embeddable":true,"href":"https:\/\/bryg.2th.dk\/index.php?rest_route=\/wp\/v2\/users\/2"}],"replies":[{"embeddable":true,"href":"https:\/\/bryg.2th.dk\/index.php?rest_route=%2Fwp%2Fv2%2Fcomments&post=11321"}],"version-history":[{"count":0,"href":"https:\/\/bryg.2th.dk\/index.php?rest_route=\/wp\/v2\/pages\/11321\/revisions"}],"up":[{"embeddable":true,"href":"https:\/\/bryg.2th.dk\/index.php?rest_route=\/wp\/v2\/pages\/11312"}],"wp:attachment":[{"href":"https:\/\/bryg.2th.dk\/index.php?rest_route=%2Fwp%2Fv2%2Fmedia&parent=11321"}],"wp:term":[{"taxonomy":"category","embeddable":true,"href":"https:\/\/bryg.2th.dk\/index.php?rest_route=%2Fwp%2Fv2%2Fcategories&post=11321"},{"taxonomy":"post_tag","embeddable":true,"href":"https:\/\/bryg.2th.dk\/index.php?rest_route=%2Fwp%2Fv2%2Ftags&post=11321"}],"curies":[{"name":"wp","href":"https:\/\/api.w.org\/{rel}","templated":true}]}}