{"id":11317,"date":"2015-04-26T14:14:21","date_gmt":"2015-04-26T12:14:21","guid":{"rendered":"https:\/\/brygny.2th.dk\/?page_id=11317"},"modified":"2023-07-15T14:41:52","modified_gmt":"2023-07-15T12:41:52","slug":"1994-2","status":"publish","type":"page","link":"https:\/\/bryg.2th.dk\/?page_id=11317","title":{"rendered":"1994"},"content":{"rendered":"<h3 align=\"left\">De nye \u00f8l i 1994.<\/h3>\n<hr>\n<div align=\"left\">&nbsp;Her er oversigten over \u00f8l som er udkommet i 1994, dog med den begr\u00e6nsning at der er etiketter p\u00e5 disse \u00f8l og lejligheds etiketter er talt med her.<\/div>\n<div align=\"left\">&nbsp;<\/div>\n<div align=\"left\">\n<table id=\"tablepress-28\" class=\"tablepress tablepress-id-28\">\n<thead>\n<tr class=\"row-1\">\n\t<th class=\"column-1\">%<\/th><th class=\"column-2\">Navn<\/th><th class=\"column-3\">Beskrivelse<\/th><th class=\"column-4\">Bryggeri<\/th><th class=\"column-5\">Dato<\/th>\n<\/tr>\n<\/thead>\n<tbody class=\"row-striping row-hover\">\n<tr class=\"row-2\">\n\t<td class=\"column-1\"><\/td><td class=\"column-2\">Langelandsfestival '94<\/td><td class=\"column-3\">Reklame etiket<\/td><td class=\"column-4\">Albani<\/td><td class=\"column-5\">31-05-1994<\/td>\n<\/tr>\n<tr class=\"row-3\">\n\t<td class=\"column-1\"><\/td><td class=\"column-2\">Egeskov Marked 1994<\/td><td class=\"column-3\">Reklame etiket<\/td><td class=\"column-4\">Albani<\/td><td class=\"column-5\">01-09-1994<\/td>\n<\/tr>\n<tr class=\"row-4\">\n\t<td class=\"column-1\"><\/td><td class=\"column-2\">Frederik Christiansen A\/S Giraf Guld<\/td><td class=\"column-3\">S\u00e6retiket - Til udlandet<\/td><td class=\"column-4\">Albani<\/td><td class=\"column-5\">01-03-1994<\/td>\n<\/tr>\n<tr class=\"row-5\">\n\t<td class=\"column-1\"><\/td><td class=\"column-2\">Tinsoldaten 21 \u00e5rs f\u00f8dselsdag<\/td><td class=\"column-3\">S\u00e6retiket<\/td><td class=\"column-4\">Albani<\/td><td class=\"column-5\">04-02-1994<\/td>\n<\/tr>\n<tr class=\"row-6\">\n\t<td class=\"column-1\"><\/td><td class=\"column-2\">Saxo Grammaticus<\/td><td class=\"column-3\">Reklame etiket<\/td><td class=\"column-4\">Albani<\/td><td class=\"column-5\">01-06-1994<\/td>\n<\/tr>\n<tr class=\"row-7\">\n\t<td class=\"column-1\"><\/td><td class=\"column-2\">Revybryg \u00d8l for Munkebo folk<\/td><td class=\"column-3\">Reklame etiket<\/td><td class=\"column-4\">Albani<\/td><td class=\"column-5\">01-06-1994<\/td>\n<\/tr>\n<tr class=\"row-8\">\n\t<td class=\"column-1\"><\/td><td class=\"column-2\">Revy Pils - Nyk\u00f8bing F. Revyen '94<\/td><td class=\"column-3\">Reklame etiket<\/td><td class=\"column-4\">Albani<\/td><td class=\"column-5\">01-06-1994<\/td>\n<\/tr>\n<tr class=\"row-9\">\n\t<td class=\"column-1\"><\/td><td class=\"column-2\">Dansk Metal Aabrnraa<\/td><td class=\"column-3\">Reklame etiket<\/td><td class=\"column-4\">Albani<\/td><td class=\"column-5\">19-03-1994<\/td>\n<\/tr>\n<tr class=\"row-10\">\n\t<td class=\"column-1\"><\/td><td class=\"column-2\">H.C. Andersen 1994<\/td><td class=\"column-3\">\u00c5rgangs\u00f8l<\/td><td class=\"column-4\">Albani<\/td><td class=\"column-5\">05-01-1994<\/td>\n<\/tr>\n<tr class=\"row-11\">\n\t<td class=\"column-1\"><\/td><td class=\"column-2\">Hotel Christiansminde<\/td><td class=\"column-3\">Reklame etiket<\/td><td class=\"column-4\">Albani<\/td><td class=\"column-5\">05-01-1994<\/td>\n<\/tr>\n<tr class=\"row-12\">\n\t<td class=\"column-1\"><\/td><td class=\"column-2\">Hum\u00f8r \u00d8l - Hum\u00f8ruge i Kolding<\/td><td class=\"column-3\">Reklame etiket<\/td><td class=\"column-4\">Albani<\/td><td class=\"column-5\">28-03-1994<\/td>\n<\/tr>\n<tr class=\"row-13\">\n\t<td class=\"column-1\"><\/td><td class=\"column-2\">1. maj 1994<\/td><td class=\"column-3\">Reklame etiket<\/td><td class=\"column-4\">Albani<\/td><td class=\"column-5\">30-04-1994<\/td>\n<\/tr>\n<tr class=\"row-14\">\n\t<td class=\"column-1\"><\/td><td class=\"column-2\">ICE<\/td><td class=\"column-3\">Ny \u00f8l<\/td><td class=\"column-4\">Carlsberg A\/S<\/td><td class=\"column-5\">02-02-1994<\/td>\n<\/tr>\n<tr class=\"row-15\">\n\t<td class=\"column-1\"><\/td><td class=\"column-2\">Dunn's River Mightymalt <\/td><td class=\"column-3\">Nr: 38300<\/td><td class=\"column-4\">Ceres<\/td><td class=\"column-5\">14-03-1994<\/td>\n<\/tr>\n<tr class=\"row-16\">\n\t<td class=\"column-1\"><\/td><td class=\"column-2\">Vita Malt 330 ml.<\/td><td class=\"column-3\">Nr: 38220<\/td><td class=\"column-4\">Ceres<\/td><td class=\"column-5\">14-03-1994<\/td>\n<\/tr>\n<tr class=\"row-17\">\n\t<td class=\"column-1\"><\/td><td class=\"column-2\">Vita Malt 207 ml.<\/td><td class=\"column-3\">Nr: 37160<\/td><td class=\"column-4\">Ceres<\/td><td class=\"column-5\">14-03-1994<\/td>\n<\/tr>\n<tr class=\"row-18\">\n\t<td class=\"column-1\"><\/td><td class=\"column-2\">Granat \u00d8l Skive Garnision 1969-1994<\/td><td class=\"column-3\">S\u00e6retiket<\/td><td class=\"column-4\">Hancock<\/td><td class=\"column-5\">11-03-1994<\/td>\n<\/tr>\n<tr class=\"row-19\">\n\t<td class=\"column-1\"><\/td><td class=\"column-2\">P\u00e5ske Beer<\/td><td class=\"column-3\">Ny etiket<\/td><td class=\"column-4\">Hancock<\/td><td class=\"column-5\">01-03-1994<\/td>\n<\/tr>\n<tr class=\"row-20\">\n\t<td class=\"column-1\"><\/td><td class=\"column-2\">P\u00e5ske Bryg<\/td><td class=\"column-3\">Ny etiket med ny skatteklasse<\/td><td class=\"column-4\">Maribo Bryghus<\/td><td class=\"column-5\">01-03-1994<\/td>\n<\/tr>\n<tr class=\"row-21\">\n\t<td class=\"column-1\"><\/td><td class=\"column-2\">Slots Light<\/td><td class=\"column-3\">Nr: 7159<\/td><td class=\"column-4\">Slotsm\u00f8llen<\/td><td class=\"column-5\">04-03-1994<\/td>\n<\/tr>\n<tr class=\"row-22\">\n\t<td class=\"column-1\"><\/td><td class=\"column-2\">Dansk Light<\/td><td class=\"column-3\">Dagligvaregruppen Ny etiket.<\/td><td class=\"column-4\">Slotsm\u00f8llen<\/td><td class=\"column-5\">04-03-1994<\/td>\n<\/tr>\n<tr class=\"row-23\">\n\t<td class=\"column-1\"><\/td><td class=\"column-2\">Worning 100 \u00e5r<\/td><td class=\"column-3\">Reklame etiket<\/td><td class=\"column-4\">Thisted Bryghus<\/td><td class=\"column-5\">11-04-1994<\/td>\n<\/tr>\n<tr class=\"row-24\">\n\t<td class=\"column-1\"><\/td><td class=\"column-2\">Kongeskibet Dannebrog<\/td><td class=\"column-3\">S\u00e6retiket <\/td><td class=\"column-4\">Vestfyen<\/td><td class=\"column-5\">07-04-1994<\/td>\n<\/tr>\n<tr class=\"row-25\">\n\t<td class=\"column-1\"><\/td><td class=\"column-2\">Hindsgavl Slot<\/td><td class=\"column-3\">Reklame etiket<\/td><td class=\"column-4\">Vestfyen<\/td><td class=\"column-5\">16-03-1994<\/td>\n<\/tr>\n<tr class=\"row-26\">\n\t<td class=\"column-1\"><\/td><td class=\"column-2\">K Pilsner<\/td><td class=\"column-3\">Til Edeka<\/td><td class=\"column-4\">Wiibroe<\/td><td class=\"column-5\">06-03-1994<\/td>\n<\/tr>\n<tr class=\"row-27\">\n\t<td class=\"column-1\"><\/td><td class=\"column-2\">Jubil\u00e6ums Pokal - Kjellerup 125 \u00e5r 1869-1994<\/td><td class=\"column-3\">S\u00e6retiket<\/td><td class=\"column-4\">Wiibroe<\/td><td class=\"column-5\">11-04-1994<\/td>\n<\/tr>\n<tr class=\"row-28\">\n\t<td class=\"column-1\"><\/td><td class=\"column-2\">\u00c5rgangs\u00f8l 1994<\/td><td class=\"column-3\">Ny \u00e5rgangs\u00f8l<\/td><td class=\"column-4\">Wiibroe<\/td><td class=\"column-5\">27-01-1994<\/td>\n<\/tr>\n<tr class=\"row-29\">\n\t<td class=\"column-1\"><\/td><td class=\"column-2\">LO-Skolen 25 \u00e5r<\/td><td class=\"column-3\">Reklame etiket<\/td><td class=\"column-4\">Wiibroe<\/td><td class=\"column-5\">10-03-1994<\/td>\n<\/tr>\n<\/tbody>\n<\/table>\n<!-- #tablepress-28 from cache --><\/div>\n","protected":false},"excerpt":{"rendered":"<p>De nye \u00f8l i 1994. &nbsp;Her er oversigten over \u00f8l som er udkommet i 1994, dog med den begr\u00e6nsning at der er etiketter p\u00e5 disse \u00f8l og lejligheds etiketter er talt med her. &nbsp;<\/p>\n","protected":false},"author":2,"featured_media":0,"parent":11312,"menu_order":0,"comment_status":"closed","ping_status":"closed","template":"page-templates\/full-width.php","meta":{"ngg_post_thumbnail":0,"footnotes":""},"categories":[],"tags":[99],"class_list":["post-11317","page","type-page","status-publish","hentry","tag-nye_oel"],"_links":{"self":[{"href":"https:\/\/bryg.2th.dk\/index.php?rest_route=\/wp\/v2\/pages\/11317","targetHints":{"allow":["GET"]}}],"collection":[{"href":"https:\/\/bryg.2th.dk\/index.php?rest_route=\/wp\/v2\/pages"}],"about":[{"href":"https:\/\/bryg.2th.dk\/index.php?rest_route=\/wp\/v2\/types\/page"}],"author":[{"embeddable":true,"href":"https:\/\/bryg.2th.dk\/index.php?rest_route=\/wp\/v2\/users\/2"}],"replies":[{"embeddable":true,"href":"https:\/\/bryg.2th.dk\/index.php?rest_route=%2Fwp%2Fv2%2Fcomments&post=11317"}],"version-history":[{"count":0,"href":"https:\/\/bryg.2th.dk\/index.php?rest_route=\/wp\/v2\/pages\/11317\/revisions"}],"up":[{"embeddable":true,"href":"https:\/\/bryg.2th.dk\/index.php?rest_route=\/wp\/v2\/pages\/11312"}],"wp:attachment":[{"href":"https:\/\/bryg.2th.dk\/index.php?rest_route=%2Fwp%2Fv2%2Fmedia&parent=11317"}],"wp:term":[{"taxonomy":"category","embeddable":true,"href":"https:\/\/bryg.2th.dk\/index.php?rest_route=%2Fwp%2Fv2%2Fcategories&post=11317"},{"taxonomy":"post_tag","embeddable":true,"href":"https:\/\/bryg.2th.dk\/index.php?rest_route=%2Fwp%2Fv2%2Ftags&post=11317"}],"curies":[{"name":"wp","href":"https:\/\/api.w.org\/{rel}","templated":true}]}}