{"id":1123,"date":"2015-03-25T10:16:17","date_gmt":"2015-03-25T09:16:17","guid":{"rendered":"https:\/\/brygny.2th.dk\/?page_id=1123"},"modified":"2025-12-01T22:32:59","modified_gmt":"2025-12-01T21:32:59","slug":"1123-2","status":"publish","type":"page","link":"https:\/\/bryg.2th.dk\/?page_id=1123","title":{"rendered":"Kontaktform"},"content":{"rendered":"<h3>\u00d8nsker du at kontakte mig.<\/h3>\n<hr>\n<p>Har du et eller andet om Danmarks bryggerier og siden, det kan v\u00e6re historisk materiale, en opdatering til siden, som jeg ikke har kendskab til. Har du effekter du vil s\u00e6lge, bytte eller give bort, s\u00e5 send en besked til mig.<\/p>\n<div id=\"FSContact1\">\n<form id=\"fscf_form1\" action=\"https:\/\/bryg.2th.dk\/?page_id=1123#FSContact1\" enctype=\"multipart\/form-data\" method=\"post\">\n<div id=\"fscf_required1\">*Felter skal udfyldes<\/div>\n<div>&nbsp;<\/div>\n<\/form>\n<\/div>\n<div class=\"forminator-ui forminator-custom-form forminator-custom-form-25903 forminator-design--default forminator-enclosed forminator_ajax\" data-forminator-render=\"0\" data-form=\"forminator-module-25903\" data-uid=\"69fc69a819d65\"><br\/><\/div><form\n\t\t\t\tid=\"forminator-module-25903\"\n\t\t\t\tclass=\"forminator-ui forminator-custom-form forminator-custom-form-25903 forminator-design--default forminator-enclosed forminator_ajax\"\n\t\t\t\tmethod=\"post\"\n\t\t\t\tdata-forminator-render=\"0\"\n\t\t\t\tdata-form-id=\"25903\"\n\t\t\t\tenctype=\"multipart\/form-data\" data-color-option=\"default\" data-design=\"default\" data-grid=\"enclosed\" style=\"display: none;\"\n\t\t\t\tdata-uid=\"69fc69a819d65\"\n\t\t\t><div role=\"alert\" aria-live=\"polite\" class=\"forminator-response-message forminator-error\" aria-hidden=\"true\"><\/div><div class=\"forminator-row\"><div id=\"name-1\" class=\"forminator-field-name forminator-col forminator-col-12 \"><div class=\"forminator-field\"><label for=\"forminator-field-name-1_69fc69a819d65\" id=\"forminator-field-name-1_69fc69a819d65-label\" class=\"forminator-label\">Navn <span class=\"forminator-required\">*<\/span><\/label><input type=\"text\" name=\"name-1\" value=\"\" placeholder=\"eks., John\" id=\"forminator-field-name-1_69fc69a819d65\" class=\"forminator-input forminator-name--field\" aria-required=\"true\" autocomplete=\"name\" aria-describedby=\"forminator-field-name-1_69fc69a819d65-description\" \/><span id=\"forminator-field-name-1_69fc69a819d65-description\" class=\"forminator-description\">Indtast dit navn her<\/span><\/div><\/div><\/div><div class=\"forminator-row\"><div id=\"email-1\" class=\"forminator-field-email forminator-col forminator-col-12 \"><div class=\"forminator-field\"><label for=\"forminator-field-email-1_69fc69a819d65\" id=\"forminator-field-email-1_69fc69a819d65-label\" class=\"forminator-label\">Email Adresse <span class=\"forminator-required\">*<\/span><\/label><input type=\"email\" name=\"email-1\" value=\"\" placeholder=\"eks., john@doe.com\" id=\"forminator-field-email-1_69fc69a819d65\" class=\"forminator-input forminator-email--field\" data-required=\"true\" aria-required=\"true\" autocomplete=\"email\" aria-describedby=\"forminator-field-email-1_69fc69a819d65-description\" \/><span id=\"forminator-field-email-1_69fc69a819d65-description\" class=\"forminator-description\">Indtast din E-mail her<\/span><\/div><\/div><\/div><div class=\"forminator-row\"><div id=\"textarea-1\" class=\"forminator-field-textarea forminator-col forminator-col-12 \"><div class=\"forminator-field\"><label for=\"forminator-field-textarea-1_69fc69a819d65\" id=\"forminator-field-textarea-1_69fc69a819d65-label\" class=\"forminator-label\">Besked <span class=\"forminator-required\">*<\/span><\/label><textarea name=\"textarea-1\" placeholder=\"Skriv din besked...\" id=\"forminator-field-textarea-1_69fc69a819d65\" class=\"forminator-textarea\" rows=\"6\" style=\"--forminator-textarea-min-height:140px;\" maxlength=\"180\" aria-describedby=\"forminator-field-textarea-1_69fc69a819d65-description\" >Indtast din besked her<\/textarea><span id=\"forminator-field-textarea-1_69fc69a819d65-description\" class=\"forminator-description\">Indtast beskrivelse<span data-limit=\"180\" data-type=\"characters\" data-editor=\"\">0 \/ 180<\/span><\/span><\/div><\/div><\/div><div class=\"forminator-row\"><div id=\"upload-1\" class=\"forminator-field-upload forminator-col forminator-col-12 \"><div class=\"forminator-field\"><label for=\"forminator-field-upload-1_69fc69a819d65\" id=\"forminator-field-upload-1_69fc69a819d65-label\" class=\"forminator-label\">Upload max 12 filer som PDF, JPG, PNG, ZIP ikke over 3MB. stk.<\/label><div class=\"forminator-multi-upload \" data-element=\"upload-1_69fc69a819d65\" aria-describedby=\"forminator-field-upload-1_69fc69a819d65-description\"><input type=\"file\" name=\"upload-1[]\" id=\"forminator-field-upload-1_69fc69a819d65\" class=\"forminator-input-file forminator-field-upload-1_69fc69a819d65-25903\" multiple=\"multiple\" data-method=\"ajax\" accept=\".zip,.7z,.gpx,.kml,.png,.gif,.jpg,.jpeg,.jpe,.pdf\" data-limit=\"12\" data-limit-message=\"You can upload a maximum of 12 files.\" data-size=\"3000000\" data-size-message=\"Maximum file size allowed is 3 MB. \" data-filetype=\"zip|7z|gpx|kml|png|gif|jpg|jpeg|jpe|pdf\" data-filetype-message=\"file extension is not allowed.\"><div class=\"forminator-multi-upload-message\" aria-hidden=\"true\"><span class=\"forminator-icon-upload\" aria-hidden=\"true\"><\/span><p>Drag and Drop (or) <a class=\"forminator-upload-file--forminator-field-upload-1_69fc69a819d65\" href=\"#\" onclick=\"return false;\">Choose Files<\/a><\/p><\/div><\/div><span id=\"forminator-field-upload-1_69fc69a819d65-description\" class=\"forminator-description\">Inds\u00e6t de dokumenter her du vil sende.<\/span><ul class=\"forminator-uploaded-files upload-container-upload-1_69fc69a819d65\"><\/ul><\/div><\/div><\/div><div class=\"forminator-row\"><div id=\"captcha-1\" class=\"forminator-field-captcha forminator-col forminator-col-12 \"><div class=\"forminator-captcha-left forminator-g-recaptcha recaptcha-invisible\" data-theme=\"light\" data-badge=\"inline\" data-sitekey=\"6LcgKRErAAAAAIVNbGZoR_yzzlD4G12SlY_TKSSn\" data-size=\"invisible\"><\/div> <\/div><\/div><input type=\"hidden\" name=\"referer_url\" value=\"\" \/><div class=\"forminator-row forminator-row-last\"><div class=\"forminator-col\"><div class=\"forminator-field\"><button class=\"forminator-button forminator-button-submit\">Send besked<\/button><\/div><\/div><\/div><input type=\"hidden\" id=\"forminator_nonce\" name=\"forminator_nonce\" value=\"0399ea0c4c\" \/><input type=\"hidden\" name=\"_wp_http_referer\" value=\"\/index.php?rest_route=%2Fwp%2Fv2%2Fpages%2F1123\" \/><input type=\"hidden\" name=\"form_id\" value=\"25903\"><input type=\"hidden\" name=\"page_id\" value=\"1123\"><input type=\"hidden\" name=\"form_type\" value=\"default\"><input type=\"hidden\" name=\"current_url\" value=\"https:\/\/bryg.2th.dk\/?page_id=1123\"><input type=\"hidden\" name=\"render_id\" value=\"0\"><input type=\"hidden\" name=\"forminator-multifile-hidden\" class=\"forminator-multifile-hidden\"><input type=\"hidden\" name=\"action\" value=\"forminator_submit_form_custom-forms\"><label for=\"input_5\" class=\"forminator-hidden\" aria-hidden=\"true\">Please do not fill in this field. <input id=\"input_5\" type=\"text\" name=\"input_5\" value=\"\" autocomplete=\"off\"><\/label><\/form>\n","protected":false},"excerpt":{"rendered":"<p>\u00d8nsker du at kontakte mig. Har du et eller andet om Danmarks bryggerier og siden, det kan v\u00e6re historisk materiale, en opdatering til siden, som jeg ikke har kendskab til. Har du effekter du vil s\u00e6lge, bytte eller give bort, s\u00e5 send en besked til mig. *Felter skal udfyldes &nbsp;<\/p>\n","protected":false},"author":2,"featured_media":0,"parent":0,"menu_order":19,"comment_status":"closed","ping_status":"closed","template":"","meta":{"ngg_post_thumbnail":0,"footnotes":""},"categories":[],"tags":[],"class_list":["post-1123","page","type-page","status-publish","hentry"],"_links":{"self":[{"href":"https:\/\/bryg.2th.dk\/index.php?rest_route=\/wp\/v2\/pages\/1123","targetHints":{"allow":["GET"]}}],"collection":[{"href":"https:\/\/bryg.2th.dk\/index.php?rest_route=\/wp\/v2\/pages"}],"about":[{"href":"https:\/\/bryg.2th.dk\/index.php?rest_route=\/wp\/v2\/types\/page"}],"author":[{"embeddable":true,"href":"https:\/\/bryg.2th.dk\/index.php?rest_route=\/wp\/v2\/users\/2"}],"replies":[{"embeddable":true,"href":"https:\/\/bryg.2th.dk\/index.php?rest_route=%2Fwp%2Fv2%2Fcomments&post=1123"}],"version-history":[{"count":3,"href":"https:\/\/bryg.2th.dk\/index.php?rest_route=\/wp\/v2\/pages\/1123\/revisions"}],"predecessor-version":[{"id":53459,"href":"https:\/\/bryg.2th.dk\/index.php?rest_route=\/wp\/v2\/pages\/1123\/revisions\/53459"}],"wp:attachment":[{"href":"https:\/\/bryg.2th.dk\/index.php?rest_route=%2Fwp%2Fv2%2Fmedia&parent=1123"}],"wp:term":[{"taxonomy":"category","embeddable":true,"href":"https:\/\/bryg.2th.dk\/index.php?rest_route=%2Fwp%2Fv2%2Fcategories&post=1123"},{"taxonomy":"post_tag","embeddable":true,"href":"https:\/\/bryg.2th.dk\/index.php?rest_route=%2Fwp%2Fv2%2Ftags&post=1123"}],"curies":[{"name":"wp","href":"https:\/\/api.w.org\/{rel}","templated":true}]}}