{"id":11041,"date":"2015-04-19T22:27:51","date_gmt":"2015-04-19T20:27:51","guid":{"rendered":"https:\/\/brygny.2th.dk\/?page_id=11041"},"modified":"2025-03-03T20:30:21","modified_gmt":"2025-03-03T19:30:21","slug":"wintercoat","status":"publish","type":"page","link":"https:\/\/bryg.2th.dk\/?page_id=11041","title":{"rendered":"Wintercoat"},"content":{"rendered":"<h3>Wintercoat, Sabro, 2002-?<\/h3>\n<hr>\n<p><strong>KORT INFO OM BRYGGERIET\/FABRIKKEN.<\/strong><\/p>\n<table>\n<tbody>\n<tr style=\"border-style: hidden;\">\n<td style=\"width: 40%;background-color: #d4e6d3; height: 18px; border-style: hidden;\" scope=\"row\">&nbsp;<\/td>\n<td style=\"width: 60%; height: 18px; border-style: hidden; vertical-align: top; background-color: #ededed;\" scope=\"row\"><strong>Ejere.<\/strong><\/td>\n<\/tr>\n<tr style=\"border-style: hidden;\">\n<td style=\"width: 40%;background-color: #d4e6d3; height: 233px; border-style: hidden;\" rowspan=\"4\" scope=\"row\"><img decoding=\"async\" class=\"ngg-singlepic ngg-none aligncenter\" src=\"https:\/\/bryg.2th.dk\/wp-content\/gallery\/bryggeri-logoer\/intet_logo.jpg\" alt=\"\" width=\"85%\" height=\"200\"><\/td>\n<td style=\"vertical-align: top; width: 60%; border-color: #000000; height: 179px; border-style: hidden; background-color: #ededed;\" scope=\"row\">Niels J\u00f8rn Thomsen, 2002-<\/td>\n<\/tr>\n<tr style=\"border-style: hidden;\">\n<td style=\"vertical-align: top; width: 60%; border-color: #000000; height: 18px; border-style: hidden; background-color: #ededed;\"><strong>Links. <\/strong><a href=\"http:\/\/www.wintercoat.dk\/\" target=\"_blank\" rel=\"noopener noreferrer\">Ja<\/a><\/td>\n<\/tr>\n<tr style=\"border-style: hidden;\">\n<td style=\"vertical-align: top; width: 60%; border-color: #000000; height: 18px; border-style: hidden; background-color: #ededed;\" scope=\"row\"><strong>Kendte adresser.<\/strong><\/td>\n<\/tr>\n<tr style=\"border-style: hidden;\">\n<td style=\"vertical-align: top; width: 60%; border-color: #000000; height: 18px; border-style: hidden; background-color: #ededed;\">Gr\u00f8nvej 51, 8471 Sabro<\/td>\n<\/tr>\n<\/tbody>\n<\/table>\n<hr>\n<p><strong>HISTORIEN.<\/strong><\/p>\n<p style=\"text-align: justify;\">Bryggeriet WinterCoat havde sin begyndelse i efter\u00e5ret 2002 p\u00e5 brygger Niels J\u00f8rn Thomsens f\u00f8deg\u00e5rd ved Sabro, ca. 12 km nordvest for \u00c5rhus. Vi havde l\u00e6nge g\u00e5et med tanker om at starte et mikrobryggeri &#8211; Niels J\u00f8rn begyndte at brygge i 1970erne da han boede i Island, hvor salget af \u00f8l var forbudt. Hjemme i Danmark fandt han ud af (som s\u00e5 mange h\u00e5ndbryggere g\u00f8r), at han kunne brygge langt bedre og mere interessant \u00f8l end han kunne k\u00f8be. Det var kimen til dr\u00f8mmen om at blive brygger for livet.<\/p>\n<p style=\"text-align: justify;\">Bryggeriet begyndte i det sm\u00e5 i l\u00e5nte faciliteter og i grukedlen hjemme i k\u00e6lderen i Sabro i vinteren 2002 (vi leverede Yule Ale til Cockney Pub i 2002) og for\u00e5ret 2003, men det var f\u00f8rst med k\u00f8bet og ops\u00e6tningen af et brugt 800 hl bryganl\u00e6g fra England i sommeren 2003, at WinterCoat kunne komme i gang for alvor. Med megen hj\u00e6lp fra venner og \u00f8lentusiaster, blev den gamle lade omdannet til brygrum og g\u00e6rrum og de gamle kar blev pudset og gjort klar til det f\u00f8rste WinterCoat bryg, en ESB, der blev leveret i begyndelsen af september. Siden da er det g\u00e5et st\u00f8t fremad, og indtil videre er 16 forskellige WinterCoat \u00f8l kommet p\u00e5 markedet.<br \/>\n(kilde: Wintercoats hjemmeside)<\/p>\n<hr>\n<p><strong>ETIKETTERNE.<\/strong><\/p>\nngg_shortcode_0_placeholder\n<hr>\n<p><strong>ARTIKLER.<\/strong><\/p>\n<p>Der er ikke nogen informationer til dette punkt endnu.<\/p>\n<hr>\n<p><strong>ANDET.<\/strong><\/p>\n<p>Der er ikke nogen informationer til dette punkt endnu.<\/p>\n<hr>\n<p><strong>LITTERATUR.<\/strong><\/p>\n<p>Der er ikke nogen informationer til dette punkt endnu.<\/p>\n<hr>\n<p><strong>REKLAMER &#8211; HERUNDER REKLAME FILM.<\/strong><\/p>\n<p>Der er ikke nogen informationer til dette punkt endnu.<\/p>\n","protected":false},"excerpt":{"rendered":"<p>Wintercoat, Sabro, 2002-? KORT INFO OM BRYGGERIET\/FABRIKKEN. &nbsp; Ejere. Niels J\u00f8rn Thomsen, 2002- Links. Ja Kendte adresser. Gr\u00f8nvej 51, 8471 Sabro HISTORIEN. Bryggeriet WinterCoat havde sin begyndelse i efter\u00e5ret 2002 p\u00e5 brygger Niels J\u00f8rn Thomsens f\u00f8deg\u00e5rd ved Sabro, ca. 12 km nordvest for \u00c5rhus. Vi havde l\u00e6nge g\u00e5et med tanker om at starte et mikrobryggeri &hellip; <a href=\"https:\/\/bryg.2th.dk\/?page_id=11041\" class=\"more-link\">L\u00e6s videre <span class=\"screen-reader-text\">Wintercoat<\/span> <span class=\"meta-nav\">&rarr;<\/span><\/a><\/p>\n","protected":false},"author":2,"featured_media":0,"parent":1114,"menu_order":0,"comment_status":"closed","ping_status":"closed","template":"","meta":{"ngg_post_thumbnail":0,"footnotes":""},"categories":[332,53],"tags":[96],"class_list":["post-11041","page","type-page","status-publish","hentry","category-8000b","category-danske-bryggerier-danske-bryggerier","tag-dk_bryg"],"_links":{"self":[{"href":"https:\/\/bryg.2th.dk\/index.php?rest_route=\/wp\/v2\/pages\/11041","targetHints":{"allow":["GET"]}}],"collection":[{"href":"https:\/\/bryg.2th.dk\/index.php?rest_route=\/wp\/v2\/pages"}],"about":[{"href":"https:\/\/bryg.2th.dk\/index.php?rest_route=\/wp\/v2\/types\/page"}],"author":[{"embeddable":true,"href":"https:\/\/bryg.2th.dk\/index.php?rest_route=\/wp\/v2\/users\/2"}],"replies":[{"embeddable":true,"href":"https:\/\/bryg.2th.dk\/index.php?rest_route=%2Fwp%2Fv2%2Fcomments&post=11041"}],"version-history":[{"count":0,"href":"https:\/\/bryg.2th.dk\/index.php?rest_route=\/wp\/v2\/pages\/11041\/revisions"}],"up":[{"embeddable":true,"href":"https:\/\/bryg.2th.dk\/index.php?rest_route=\/wp\/v2\/pages\/1114"}],"wp:attachment":[{"href":"https:\/\/bryg.2th.dk\/index.php?rest_route=%2Fwp%2Fv2%2Fmedia&parent=11041"}],"wp:term":[{"taxonomy":"category","embeddable":true,"href":"https:\/\/bryg.2th.dk\/index.php?rest_route=%2Fwp%2Fv2%2Fcategories&post=11041"},{"taxonomy":"post_tag","embeddable":true,"href":"https:\/\/bryg.2th.dk\/index.php?rest_route=%2Fwp%2Fv2%2Ftags&post=11041"}],"curies":[{"name":"wp","href":"https:\/\/api.w.org\/{rel}","templated":true}]}}