{"id":11,"date":"2015-03-17T19:18:39","date_gmt":"2015-03-17T18:18:39","guid":{"rendered":"https:\/\/brygny.2th.dk\/?page_id=11"},"modified":"2025-09-26T21:50:54","modified_gmt":"2025-09-26T19:50:54","slug":"etikettelister","status":"publish","type":"page","link":"https:\/\/bryg.2th.dk\/?page_id=11","title":{"rendered":"Etikettelister"},"content":{"rendered":"<h3>Find etikette listerne her.<\/h3>\n<hr>\n<p style=\"text-align: justify;\">Samler du p\u00e5 etiketter og er f.eks. ude til byttem\u00f8der og mangler s\u00e6r- eller lejlighedsetiketter, og du i forvejen har mange af dem fra netop et bestemt bryggeri. S\u00e5 ville det v\u00e6re rart at man kunne huske dem alle man har, men at huske dem alle er nok lige lovlig meget&nbsp; forlangt. Derfor er jeg i gang med at lave nogle kataloger til afkrydsning, n\u00e5r man er ude til st\u00e6vner og hvor man nu ellers er henne og se p\u00e5 etiketter.<\/p>\n<p style=\"text-align: justify;\">Jeg pr\u00f8ver at f\u00e5 dem opdateret s\u00e5 godt som muligt, og er der etiketter som ikke st\u00e5r i kataloget, ville jeg gerne h\u00f8re om det, s\u00e5 de kan komme med i n\u00e6ste omb\u00e6ring. N\u00e5r jeg har tilstr\u00e6kkelig mange til en ny revision af katalogerne, de vil s\u00e5 blive annonceret n\u00e5r dette sker.<\/p>\n<p><strong>Lister:<\/strong><\/p>\n<ul style=\"list-style-type: square;\">\n<li><a href=\"https:\/\/bryg.2th.dk\/?page_id=23871\" rel=\"noopener noreferrer\">Albani<\/a><\/li>\n<li>Carlsminde<\/li>\n<li>Ceres<\/li>\n<li><a href=\"https:\/\/bryg.2th.dk\/?page_id=23887\">Faxe<\/a><\/li>\n<li>Fuglsang<\/li>\n<li>Hancock<\/li>\n<li>Harboes<\/li>\n<li>Lolland-Falster<\/li>\n<li>Maribo<\/li>\n<li>Marreb\u00e6k<\/li>\n<li>Odin<\/li>\n<li><a href=\"https:\/\/bryg.2th.dk\/?page_id=23867\" rel=\"noopener noreferrer\">Refsvindinge<\/a><\/li>\n<li>Skands<\/li>\n<li>Slotsm\u00f8llen<\/li>\n<li>Svendborg<\/li>\n<li>Thisted<\/li>\n<li><a href=\"https:\/\/bryg.2th.dk\/?page_id=23873\" rel=\"noopener noreferrer\">Vestfyen<\/a><\/li>\n<li>Wiibroe<\/li>\n<\/ul>\n<p>Alle disse bryggerier som er n\u00e6vnt herover, er jeg i gang med at lave lister til.<\/p>\n<p>\u00d8nsker du en kopi af listerne, s\u00e5 send en mail til mig over hvilken liste du \u00f8nsker, som er online. Og skulle der v\u00e6re nogle etiketter som ikke er med p\u00e5 listen, som n\u00e6vnt tidligere, h\u00f8rer jeg meget gerne fra dig.<\/p>\n","protected":false},"excerpt":{"rendered":"<p>Find etikette listerne her. Samler du p\u00e5 etiketter og er f.eks. ude til byttem\u00f8der og mangler s\u00e6r- eller lejlighedsetiketter, og du i forvejen har mange af dem fra netop et bestemt bryggeri. S\u00e5 ville det v\u00e6re rart at man kunne huske dem alle man har, men at huske dem alle er nok lige lovlig meget&nbsp; &hellip; <a href=\"https:\/\/bryg.2th.dk\/?page_id=11\" class=\"more-link\">L\u00e6s videre <span class=\"screen-reader-text\">Etikettelister<\/span> <span class=\"meta-nav\">&rarr;<\/span><\/a><\/p>\n","protected":false},"author":2,"featured_media":0,"parent":0,"menu_order":4,"comment_status":"closed","ping_status":"closed","template":"","meta":{"ngg_post_thumbnail":0,"footnotes":""},"categories":[],"tags":[],"class_list":["post-11","page","type-page","status-publish","hentry"],"_links":{"self":[{"href":"https:\/\/bryg.2th.dk\/index.php?rest_route=\/wp\/v2\/pages\/11","targetHints":{"allow":["GET"]}}],"collection":[{"href":"https:\/\/bryg.2th.dk\/index.php?rest_route=\/wp\/v2\/pages"}],"about":[{"href":"https:\/\/bryg.2th.dk\/index.php?rest_route=\/wp\/v2\/types\/page"}],"author":[{"embeddable":true,"href":"https:\/\/bryg.2th.dk\/index.php?rest_route=\/wp\/v2\/users\/2"}],"replies":[{"embeddable":true,"href":"https:\/\/bryg.2th.dk\/index.php?rest_route=%2Fwp%2Fv2%2Fcomments&post=11"}],"version-history":[{"count":8,"href":"https:\/\/bryg.2th.dk\/index.php?rest_route=\/wp\/v2\/pages\/11\/revisions"}],"predecessor-version":[{"id":53446,"href":"https:\/\/bryg.2th.dk\/index.php?rest_route=\/wp\/v2\/pages\/11\/revisions\/53446"}],"wp:attachment":[{"href":"https:\/\/bryg.2th.dk\/index.php?rest_route=%2Fwp%2Fv2%2Fmedia&parent=11"}],"wp:term":[{"taxonomy":"category","embeddable":true,"href":"https:\/\/bryg.2th.dk\/index.php?rest_route=%2Fwp%2Fv2%2Fcategories&post=11"},{"taxonomy":"post_tag","embeddable":true,"href":"https:\/\/bryg.2th.dk\/index.php?rest_route=%2Fwp%2Fv2%2Ftags&post=11"}],"curies":[{"name":"wp","href":"https:\/\/api.w.org\/{rel}","templated":true}]}}