{"id":10307,"date":"2015-04-19T21:36:35","date_gmt":"2015-04-19T19:36:35","guid":{"rendered":"https:\/\/brygny.2th.dk\/?page_id=10307"},"modified":"2025-02-20T15:03:50","modified_gmt":"2025-02-20T14:03:50","slug":"bryggeriet-vestfyen-as","status":"publish","type":"page","link":"https:\/\/bryg.2th.dk\/?page_id=10307","title":{"rendered":"Bryggeriet Vestfyen A\/S"},"content":{"rendered":"<h3>Bryggeriet Vestfyen A\/S, 1885-?<\/h3>\n<hr>\n<p><strong>KORT INFO OM BRYGGERIET\/FABRIKKEN.<\/strong><\/p>\n<table>\n<tbody>\n<tr style=\"border-style: hidden;\">\n<td style=\"width: 40%;background-color: #d4e6d3; height: 18px; border-style: hidden;\" scope=\"row\">&nbsp;<\/td>\n<td style=\"width: 60%; height: 18px; border-style: hidden; vertical-align: top; background-color: #ededed;\" scope=\"row\"><strong>Ejere.<\/strong><\/td>\n<\/tr>\n<tr style=\"border-style: hidden;\">\n<td style=\"width: 40%;background-color: #d4e6d3; height: 233px; border-style: hidden;\" rowspan=\"4\" scope=\"row\"><img decoding=\"async\" class=\"ngg-singlepic ngg-none aligncenter\" src=\"https:\/\/bryg.2th.dk\/wp-content\/gallery\/bryggeri-logoer\/vestfyen_logo.jpg\" alt=\"\" width=\"85%\" height=\"200\"><\/td>\n<td style=\"vertical-align: top; width: 60%; border-color: #000000; height: 179px; border-style: hidden; background-color: #ededed;\" scope=\"row\">Et A\/S. 1885-<\/td>\n<\/tr>\n<tr style=\"border-style: hidden;\">\n<td style=\"vertical-align: top; width: 60%; border-color: #000000; height: 18px; border-style: hidden; background-color: #ededed;\"><strong>Links. <\/strong><a href=\"https:\/\/bryggeriet-vestfyen.dk\/\" target=\"_blank\" rel=\"noopener noreferrer\">Ja<\/a><\/td>\n<\/tr>\n<tr style=\"border-style: hidden;\">\n<td style=\"vertical-align: top; width: 60%; border-color: #000000; height: 18px; border-style: hidden; background-color: #ededed;\" scope=\"row\"><strong>Kendte adresser.<\/strong><\/td>\n<\/tr>\n<tr style=\"border-style: hidden;\">\n<td style=\"vertical-align: top; width: 60%; border-color: #000000; height: 18px; border-style: hidden; background-color: #ededed;\">F\u00e5borgvej 4, 5610 Assens<\/td>\n<\/tr>\n<\/tbody>\n<\/table>\n<hr>\n<p><strong>HISTORIEN.<\/strong><\/p>\n<p style=\"text-align: justify;\">Bryggeriet er selvst\u00e6ndigt og har udvidet meget, s\u00e5ledes at der bl.a ogs\u00e5 kan tappes \u00f8l og vand p\u00e5 d\u00e5ser. Der produceres \u00f8l og sodavand og enkelte vine er set derfra. Mineralvandsproduktionen begyndte i 1917.<\/p>\n<p style=\"text-align: justify;\">Den 19. februar 1885 indb\u00f8d 32 gode m\u00e6nd fra land og by, i en annonce i Assens Avis, til et m\u00f8de p\u00e5 Hotel Postg\u00e5rden, for at man kunne dr\u00f8fte planerne om bygning af et bryggeri, som b\u00e5de skulle fremstille hvidt\u00f8l og bayersk \u00f8l. M\u00f8det fandt sted den 28. februar og havde stor tilslutning. Med to udefra kommende personer, ingeni\u00f8r Frederik Johansen og cand. pharm. og brygmester Herman A. Bayer, blev Bryggeriet Vestfyen en realitet. Ideen fik s\u00e5 bred en tilslutning blandt byens og egnens befolkning, at da tegningsfristen for aktier udl\u00f8b den 1. april 1885 havde ikke mindre end 232 personer tegnet sig for aktier. Heraf kom de 130 fra oplandet. Derfor har man lov til at sige &#8211; som man ynder det p\u00e5 bryggeriet &#8211; at Bryggeriet Vestfyen, fra f\u00f8rste f\u00e6rd, har v\u00e6ret en lokal folkebev\u00e6gelse.<\/p>\n<p style=\"text-align: justify;\">Den 27. april regnes for bryggeriets f\u00f8dselsdag. P\u00e5 denne dag blev der valgt bestyrelse og lavet vedt\u00e6gter. Den 13. maj 1886 blev det &#8220;bayerske \u00f8l&#8221; for f\u00f8rste gang bragt i handelen. For at fejre dette blev aktion\u00e6rer og kunder inviteret til pr\u00f8vesmagning i Assens Skovpavillion, hvor &#8220;G\u00e6stgiver Carstensen Kl. 18 serverede koldt d\u00e6kket Aftensbord for 1 kr. pr. kuvert&#8221;. Men det nye \u00f8l var det v\u00e6sentligste, og i Assens Avis kunne man l\u00e6se, at &#8220;efter Kjenderes \u00e9nstemmige udsagn var det en s\u00e6rdeles fortrinlig og velsmagende \u00d8lsort&#8221;. Ved bordet blev der holdt flere taler for det nye og fortr\u00e6ffelige \u00f8l, som var aftenens festgenstand. Ved denne, som ved senere lejligheder, hyggede man sig, n\u00e5r bryggeriet indb\u00f8d sine venner fra land og by.<\/p>\n<p style=\"text-align: justify;\">Bryggeriets f\u00f8rste generalforsamling efter stiftelsen blev afholdt den 1. marts 1886, hvor mere end 200 af de 468 mulige &#8220;stemmer&#8221; var m\u00f8dt op.mFormanden oplyste, at hele anl\u00e6gget havde kostet 5.000 kr. mindre en beregnet, og at man fra sagkyndig side havde modtaget meget ros for byggeriet. Den f\u00f8rste generalforsamling for et helt drifts\u00e5r fandt sted den 12. november 1887, hvor man besluttede at udbetale 6 % i udbytte til aktion\u00e6rerne. &#8220;At afhente paa Apotheket&#8221;, som det hed i annoncen, idet apotekeren var formand for bestyrelsen. Iflg. aviserne g\u00e5r det st\u00f8t og roligt fremad for bryggeriet.<\/p>\n<p style=\"text-align: justify;\">I 1889 er produktionen steget fra 2.000 til 3.000 tdr. (750.000 &#8211; 1 mio. flasker)<br \/>\nI 1891 n\u00e5ede den 4.490 tdr. og i 1894 rundede man 5.000 tdr. (1,9 mio. flasker)<br \/>\nI 1900 fort\u00e6lles det, at 84 % af salget nu sker p\u00e5 flasker.<br \/>\nI 1903 er det n\u00f8dvendigt, &#8220;paa grund af daarlig H\u00f8st&#8221;, at indf\u00f8re tysk malt, og man fremstiller da &#8220;M\u00fcnchener Bier&#8221;<br \/>\nI nogle \u00e5r kniber det med at f\u00e5 tilstr\u00e6kkeligt med is fra Kaals M\u00f8lledam. Man m\u00e5 hente den i S\u00f8nderby s\u00f8, ja et enkelt \u00e5r helt i Norge, men allerede i 1899 bliver det f\u00f8rste k\u00f8leanl\u00e6g installeret.<\/p>\n<p style=\"text-align: justify;\">Tilbagevendende i referaterne fra generalforsamlingerne er bem\u00e6rkningerne om det forl\u00f8bne \u00e5rs vejr og dets indflydelse p\u00e5 et godt eller d\u00e5rligt salg. Gang p\u00e5 gang anvendes udtrykket &#8220;Godt \u00f8lvejr&#8221; eller &#8220;d\u00e5rligt \u00f8lvejr&#8221;.<\/p>\n<p style=\"text-align: justify;\">I 1916 besluttede generalforsamlingen at indrette en mineralvandsfabrik.<\/p>\n<p style=\"text-align: justify;\">Overalt i det lokale omr\u00e5de har bryggeriet v\u00e6ret rundh\u00e5ndet med gaver til skoler, sportshaller og idr\u00e6tsforeninger, og det optr\u00e6der ofte som sponsor ved sportsbegivenheder.<\/p>\n<p style=\"text-align: justify;\">Den 13. maj 1936 fejrede man p\u00e5 bryggeriet bayersk \u00f8llets 50-\u00e5rs dag med en reception, og i den anledning skrev Assens Avis: &#8220;Bryggeriet blev rejst som et Udtryk for en Samlingstanke. Fordelen ved en saadan Tankes Trivsel er stadig til Stede. T\u00e6nk over det under og efter Jubil\u00e6umsfestlighederne&#8221;.<br \/>\nMange vil sige, at dette citat fortsat er aktuelt.<\/p>\n<p style=\"text-align: justify;\">Igennem bryggeriets over 100-\u00e5rige historie er der n\u00e6sten hvert \u00e5r sket st\u00f8rre eller mindre udvidelser, forbedringer, fornyelser og moderniseringer. S\u00e5ledes indviedes i 1962 en g\u00e6stestue, hvor der siden har v\u00e6ret afholdt utallige m\u00f8der, kurser og sammenkomster for kunder og andre bes\u00f8gende. I 1969 tog man et nyt kontor i brug.<br \/>\nI 1975 kunne rammerne ikke mere rumme bryggeriet. Salget var steget til det tredobbelte p\u00e5 10 \u00e5r, derfor m\u00e5tte man skride til en stor og kostbar ombygning med udskiftning af maskiner og tilbygning til eksisterende bygninger. St\u00f8rste udvidelse i bryggeriets historie blev foretaget i 1995, hvor ny stor tappekolonne til \u00f8l og nye lagerhaller blev opf\u00f8rt. Seneste udvidelse skete i 2001\/2002 hvor et top moderne PET-tapperi blev opf\u00f8rt. Det nye tapperi udvidede Bryggeriets sodavands sortiment, s\u00e5ledes at det nu ogs\u00e5 omfatter \u00bd og 1\u00bd liters plasticflasker.<\/p>\n<p style=\"text-align: justify;\">I sommeren 2003 kom relancering af Danmarks originale cola &#8211; Jolly Cola har med 70\u00b4er og 80\u00b4er stilen f\u00e5et et solidt comeback og rider p\u00e5 en retrob\u00f8lge. Jolly\u00b4en er med reklamernes afslappede retrostil g\u00e5et rent ind og er kommet ind i en r\u00e6kke af de store k\u00e6der. Relanceringen har medf\u00f8rt meget stor positiv omtale i medierne, f.eks. skrev Jyllands-Posten: &#8220;Jolly er den eneste cola, der smager af cola&#8221;. Jolly-familien er efterf\u00f8lgende blevet udvidet med 80\u00b4ernes sportsvand &#8211; Jolly Time der med sin friskhed og druesukker var fast inventar i enhver sportshal med respekt for sig selv. Jolly Light, som med sit kalorielette og velsmagende cola indhold forventes vel modtaget i det stadig stigende marked for light sodavande. Seneste nyhed er Jolly Orange der med sine 6 % frugtsaft helt sikkert vil g\u00f8re sig g\u00e6ldende p\u00e5 appelsinmarkedet.<\/p>\n<p style=\"text-align: justify;\">Gennem de sidste par \u00e5r har \u00f8lkulturen \u00e6ndret sig mere og mere over mod special\u00f8l.<\/p>\n<p style=\"text-align: justify;\">Bryggeriet Vesfyen har v\u00e6ret med fra starten af denne \u00f8l-trend og er i dag en af Danmarks absolut f\u00f8rende leverand\u00f8rer af special\u00f8l.<\/p>\n<p style=\"text-align: justify;\">Det er p\u00e5 opfordring af COOP at Bryggeriet Vestfyen er kommet med et bud p\u00e5 den nye \u00f8l-trend. Vi har k\u00e6let for kvaliteten og sendt en r\u00e6kke nye, unikke \u00f8l p\u00e5 markedet under navnet Willemoes. Willemoes serien er i dag meget anerkendt og nogle af de absolut mest solgte special\u00f8l. Specialm\u00e6rker, der s\u00e6tter alle sanserne p\u00e5 arbejde og som serveres i smukke og \u00e6stetiske 50 cl flasker.<\/p>\n<p style=\"text-align: justify;\">Bryggeriet Vestfyen producerer desuden en r\u00e6kke andre special\u00f8l, der ligeledes har opn\u00e5et stor succes de sidste \u00e5r, som eksempel kan n\u00e6vnes Ale No 16, &nbsp;Mors Stout, (i samarbejde med Refsvindinge) Nat-expressen og Pale Ale.<\/p>\n<p style=\"text-align: justify;\">Som noget nyt f\u00e5s en r\u00e6kke af vores special\u00f8l ogs\u00e5 i Dansk Supermarked. (Brygerietes hjemmeside)<\/p>\n<p style=\"text-align: justify;\">I maj 2021 kunne bryggeriet meddele at de var blevet solgt, efter der er underskrevet en k\u00f8bsaftale med den b\u00f8rsnoterede finske bryggerigruppe Olvi Group. Det bet\u00f8d at bryggeriet nu er i finske h\u00e6nder.<\/p>\n<p style=\"text-align: justify;\">Og det har ikke v\u00e6ret uden problemer efterf\u00f8lgende. F\u00f8rst lukkede Aldi i Danmark i 2023, og kort efter meddelte Bryggeriet Refsvindinge at de ikke l\u00e6ngere kunne samarbejde med bryggeriet, og har i stedet lavet en aftale med Thisted Bryghus i 2024.<\/p>\n<hr>\n<p><strong>ETIKETTERNE.<\/strong><\/p>\nngg_shortcode_0_placeholder\n<hr>\n<p><strong>ARTIKLER.<\/strong><\/p>\n<ul class=\"display-posts-listing\"><li class=\"listing-item\"><a class=\"title\" href=\"https:\/\/bryg.2th.dk\/?p=39732\">Assens-bryggeri h\u00e5rdt presset p\u00e5 \u00f8konomien efter fem \u00e5r i tr\u00e6k med underskud<\/a><\/li><li class=\"listing-item\"><a class=\"title\" href=\"https:\/\/bryg.2th.dk\/?p=6347\">125 \u00e5rs jubil\u00e6um p\u00e5 Vestfyen<\/a><\/li><li class=\"listing-item\"><a class=\"title\" href=\"https:\/\/bryg.2th.dk\/?p=5130\">Jule\u00f8l fra Vestfyen blev \u00e5rets \u00d8lnyhed 2006<\/a><\/li><li class=\"listing-item\"><a class=\"title\" href=\"https:\/\/bryg.2th.dk\/?p=5109\">Byttest\u00e6vne p\u00e5 Bryggeriet Vestfyen<\/a><\/li><li class=\"listing-item\"><a class=\"title\" href=\"https:\/\/bryg.2th.dk\/?p=1728\">Jolly Colaen er blevet rigtig fynsk igen<\/a><\/li><li class=\"listing-item\"><a class=\"title\" href=\"https:\/\/bryg.2th.dk\/?p=6859\">Vestfyen d\u00f8mt<\/a><\/li><\/ul>\n<hr>\n<p><strong>ANDET.<\/strong><\/p>\n<p><a href=\"https:\/\/bryg.2th.dk\/?page_id=10783\">Udklip fra en brochure med opskrifter<\/a><\/p>\n<hr>\n<p><strong>LITTERATUR.<\/strong><\/p>\n<p>Katalog over \u00f8letiketter fra Bryggeriet Vestfyen<br \/>\nAf: Carsten Fladmose Madsen<br \/>\nUdgivet af: Skandinavisk Bryggerisouvenir Samlerforening, 1985<\/p>\n<hr>\n<p><strong>REKLAMER &#8211; HERUNDER REKLAME FILM.<\/strong><\/p>\n<div class=\"epyt-video-wrapper\">\n<div  id=\"_ytid_90461\"  width=\"474\" height=\"288\"  data-origwidth=\"474\" data-origheight=\"288\"  data-relstop=\"1\" data-facadesrc=\"https:\/\/www.youtube.com\/embed\/wOBx7z8_9T8?enablejsapi=1&#038;autoplay=0&#038;cc_load_policy=1&#038;cc_lang_pref=&#038;iv_load_policy=1&#038;loop=0&#038;rel=0&#038;fs=1&#038;playsinline=0&#038;autohide=2&#038;hl=da_DK&#038;theme=dark&#038;color=red&#038;controls=1&#038;disablekb=0&#038;\" class=\"__youtube_prefs__ epyt-facade epyt-is-override  no-lazyload\" data-epautoplay=\"1\" ><img decoding=\"async\" data-spai-excluded=\"true\" class=\"epyt-facade-poster skip-lazy\" loading=\"lazy\"  alt=\"YouTube player\"  src=\"https:\/\/i.ytimg.com\/vi\/wOBx7z8_9T8\/maxresdefault.jpg\"  \/><button class=\"epyt-facade-play\" aria-label=\"Play\"><svg data-no-lazy=\"1\" height=\"100%\" version=\"1.1\" viewBox=\"0 0 68 48\" width=\"100%\"><path class=\"ytp-large-play-button-bg\" d=\"M66.52,7.74c-0.78-2.93-2.49-5.41-5.42-6.19C55.79,.13,34,0,34,0S12.21,.13,6.9,1.55 C3.97,2.33,2.27,4.81,1.48,7.74C0.06,13.05,0,24,0,24s0.06,10.95,1.48,16.26c0.78,2.93,2.49,5.41,5.42,6.19 C12.21,47.87,34,48,34,48s21.79-0.13,27.1-1.55c2.93-0.78,4.64-3.26,5.42-6.19C67.94,34.95,68,24,68,24S67.94,13.05,66.52,7.74z\" fill=\"#f00\"><\/path><path d=\"M 45,24 27,14 27,34\" fill=\"#fff\"><\/path><\/svg><\/button><\/div>\n<\/div>\n","protected":false},"excerpt":{"rendered":"<p>Bryggeriet Vestfyen A\/S, 1885-? KORT INFO OM BRYGGERIET\/FABRIKKEN. &nbsp; Ejere. Et A\/S. 1885- Links. Ja Kendte adresser. F\u00e5borgvej 4, 5610 Assens HISTORIEN. Bryggeriet er selvst\u00e6ndigt og har udvidet meget, s\u00e5ledes at der bl.a ogs\u00e5 kan tappes \u00f8l og vand p\u00e5 d\u00e5ser. Der produceres \u00f8l og sodavand og enkelte vine er set derfra. Mineralvandsproduktionen begyndte i &hellip; <a href=\"https:\/\/bryg.2th.dk\/?p=6859\" class=\"more-link\">L\u00e6s videre <span class=\"screen-reader-text\">Vestfyen d\u00f8mt<\/span> <span class=\"meta-nav\">&rarr;<\/span><\/a><\/p>\n","protected":false},"author":2,"featured_media":0,"parent":21,"menu_order":0,"comment_status":"closed","ping_status":"closed","template":"","meta":{"ngg_post_thumbnail":0,"footnotes":""},"categories":[127,53],"tags":[96],"class_list":["post-10307","page","type-page","status-publish","hentry","category-5610b","category-danske-bryggerier-danske-bryggerier","tag-dk_bryg"],"_links":{"self":[{"href":"https:\/\/bryg.2th.dk\/index.php?rest_route=\/wp\/v2\/pages\/10307","targetHints":{"allow":["GET"]}}],"collection":[{"href":"https:\/\/bryg.2th.dk\/index.php?rest_route=\/wp\/v2\/pages"}],"about":[{"href":"https:\/\/bryg.2th.dk\/index.php?rest_route=\/wp\/v2\/types\/page"}],"author":[{"embeddable":true,"href":"https:\/\/bryg.2th.dk\/index.php?rest_route=\/wp\/v2\/users\/2"}],"replies":[{"embeddable":true,"href":"https:\/\/bryg.2th.dk\/index.php?rest_route=%2Fwp%2Fv2%2Fcomments&post=10307"}],"version-history":[{"count":0,"href":"https:\/\/bryg.2th.dk\/index.php?rest_route=\/wp\/v2\/pages\/10307\/revisions"}],"up":[{"embeddable":true,"href":"https:\/\/bryg.2th.dk\/index.php?rest_route=\/wp\/v2\/pages\/21"}],"wp:attachment":[{"href":"https:\/\/bryg.2th.dk\/index.php?rest_route=%2Fwp%2Fv2%2Fmedia&parent=10307"}],"wp:term":[{"taxonomy":"category","embeddable":true,"href":"https:\/\/bryg.2th.dk\/index.php?rest_route=%2Fwp%2Fv2%2Fcategories&post=10307"},{"taxonomy":"post_tag","embeddable":true,"href":"https:\/\/bryg.2th.dk\/index.php?rest_route=%2Fwp%2Fv2%2Ftags&post=10307"}],"curies":[{"name":"wp","href":"https:\/\/api.w.org\/{rel}","templated":true}]}}