{"id":10083,"date":"2015-04-19T20:35:19","date_gmt":"2015-04-19T18:35:19","guid":{"rendered":"https:\/\/brygny.2th.dk\/?page_id=10083"},"modified":"2025-03-13T21:03:17","modified_gmt":"2025-03-13T20:03:17","slug":"bryggeriet-urban","status":"publish","type":"page","link":"https:\/\/bryg.2th.dk\/?page_id=10083","title":{"rendered":"Bryggeriet Urban"},"content":{"rendered":"<h3>Bryggeriet Urban, 1860-1986<\/h3>\n<hr>\n<p><strong>KORT INFO OM BRYGGERIET\/FABRIKKEN.<\/strong><\/p>\n<table>\n<tbody>\n<tr style=\"border-style: hidden;\">\n<td style=\"width: 40%;background-color: #d4e6d3; height: 18px; border-style: hidden;\" scope=\"row\">&nbsp;<\/td>\n<td style=\"width: 60%; height: 18px; border-style: hidden; vertical-align: top; background-color: #ededed;\" scope=\"row\"><strong>Ejere.<\/strong><\/td>\n<\/tr>\n<tr style=\"border-style: hidden;\">\n<td style=\"width: 40%;background-color: #d4e6d3; height: 233px; border-style: hidden;\" rowspan=\"4\" scope=\"row\"><img decoding=\"async\" class=\"ngg-singlepic ngg-none aligncenter\" src=\"https:\/\/bryg.2th.dk\/wp-content\/gallery\/bryggeri-logoer\/urban_logo.jpg\" alt=\"\" width=\"85%\" height=\"200\"><\/td>\n<td style=\"vertical-align: top; width: 60%; border-color: #000000; height: 179px; border-style: hidden; background-color: #ededed;\" scope=\"row\">&#8211;<\/td>\n<\/tr>\n<tr style=\"border-style: hidden;\">\n<td style=\"vertical-align: top; width: 60%; border-color: #000000; height: 18px; border-style: hidden; background-color: #ededed;\"><strong>Links. <\/strong>Nej<\/td>\n<\/tr>\n<tr style=\"border-style: hidden;\">\n<td style=\"vertical-align: top; width: 60%; border-color: #000000; height: 18px; border-style: hidden; background-color: #ededed;\" scope=\"row\"><strong>Kendte adresser.<\/strong><\/td>\n<\/tr>\n<tr style=\"border-style: hidden;\">\n<td style=\"vertical-align: top; width: 60%; border-color: #000000; height: 18px; border-style: hidden; background-color: #ededed;\">&#8211;<\/td>\n<\/tr>\n<\/tbody>\n<\/table>\n<hr>\n<p><strong>HISTORIEN.<\/strong><\/p>\n<p style=\"text-align: justify;\">Dette bryggeri var ogs\u00e5 i mange navne og afdelinger en overgang, men startede i 1860 af Chr. W. Christensen, Ved stranden 11. Senere overtog Lutz Dierck i 1863 og senere af en K\u00f8bmand ved S. Levinsen. Fra 1881 Kom er navn p\u00e5 bryggeriet &#8220;Limfjorden&#8221; A\/S og samtidlig begyndte man p\u00e5 Bayersk\u00f8l produktionen. I 1896 og frem til 1940 blev det til Aalborg Aktiebryggerier, &#8220;Urban&#8221; og &#8220;Limfjorden&#8221; og i 1940 opk\u00f8btes &#8220;Skandia&#8221; fra N\u00f8rresundby, som s\u00e5 kom til at hedde det samme som de 2 andre men med navnet &#8220;Skandia&#8221; istedet. i 1976 kom det til at hedde: Jyske Bryggerier, Bryggeriet Urban, Aalborg frem til 1986<\/p>\n<hr>\n<p><strong>ETIKETTERNE.<\/strong><\/p>\nngg_shortcode_0_placeholder\n<hr>\n<p><strong>ARTIKLER.<\/strong><\/p>\n<p>Der er ikke nogen informationer til dette punkt endnu.<\/p>\n<hr>\n<p><strong>ANDET.<\/strong><\/p>\n<p>Der er ikke nogen informationer til dette punkt endnu.<\/p>\n<hr>\n<p><strong>LITTERATUR.<\/strong><\/p>\n<p>Der er ikke nogen informationer til dette punkt endnu.<\/p>\n<hr>\n<p><strong>REKLAMER &#8211; HERUNDER REKLAME FILM.<\/strong><\/p>\n<p><a href=\"https:\/\/bryg.2th.dk\/?page_id=10085\">Reklamefilm for Urban<\/a><\/p>\n","protected":false},"excerpt":{"rendered":"<p>Bryggeriet Urban, 1860-1986 KORT INFO OM BRYGGERIET\/FABRIKKEN. &nbsp; Ejere. &#8211; Links. Nej Kendte adresser. &#8211; HISTORIEN. Dette bryggeri var ogs\u00e5 i mange navne og afdelinger en overgang, men startede i 1860 af Chr. W. Christensen, Ved stranden 11. Senere overtog Lutz Dierck i 1863 og senere af en K\u00f8bmand ved S. Levinsen. Fra 1881 Kom &hellip; <a href=\"https:\/\/bryg.2th.dk\/?page_id=10083\" class=\"more-link\">L\u00e6s videre <span class=\"screen-reader-text\">Bryggeriet Urban<\/span> <span class=\"meta-nav\">&rarr;<\/span><\/a><\/p>\n","protected":false},"author":2,"featured_media":0,"parent":1114,"menu_order":0,"comment_status":"closed","ping_status":"closed","template":"","meta":{"ngg_post_thumbnail":0,"footnotes":""},"categories":[429,53],"tags":[96],"class_list":["post-10083","page","type-page","status-publish","hentry","category-9000b","category-danske-bryggerier-danske-bryggerier","tag-dk_bryg"],"_links":{"self":[{"href":"https:\/\/bryg.2th.dk\/index.php?rest_route=\/wp\/v2\/pages\/10083","targetHints":{"allow":["GET"]}}],"collection":[{"href":"https:\/\/bryg.2th.dk\/index.php?rest_route=\/wp\/v2\/pages"}],"about":[{"href":"https:\/\/bryg.2th.dk\/index.php?rest_route=\/wp\/v2\/types\/page"}],"author":[{"embeddable":true,"href":"https:\/\/bryg.2th.dk\/index.php?rest_route=\/wp\/v2\/users\/2"}],"replies":[{"embeddable":true,"href":"https:\/\/bryg.2th.dk\/index.php?rest_route=%2Fwp%2Fv2%2Fcomments&post=10083"}],"version-history":[{"count":0,"href":"https:\/\/bryg.2th.dk\/index.php?rest_route=\/wp\/v2\/pages\/10083\/revisions"}],"up":[{"embeddable":true,"href":"https:\/\/bryg.2th.dk\/index.php?rest_route=\/wp\/v2\/pages\/1114"}],"wp:attachment":[{"href":"https:\/\/bryg.2th.dk\/index.php?rest_route=%2Fwp%2Fv2%2Fmedia&parent=10083"}],"wp:term":[{"taxonomy":"category","embeddable":true,"href":"https:\/\/bryg.2th.dk\/index.php?rest_route=%2Fwp%2Fv2%2Fcategories&post=10083"},{"taxonomy":"post_tag","embeddable":true,"href":"https:\/\/bryg.2th.dk\/index.php?rest_route=%2Fwp%2Fv2%2Ftags&post=10083"}],"curies":[{"name":"wp","href":"https:\/\/api.w.org\/{rel}","templated":true}]}}